{"id":185,"date":"2022-05-29T09:35:20","date_gmt":"2022-05-29T07:35:20","guid":{"rendered":"https:\/\/ben-hilft.eu\/?page_id=185"},"modified":"2022-08-20T10:22:56","modified_gmt":"2022-08-20T08:22:56","slug":"transparenz","status":"publish","type":"page","link":"https:\/\/ben-hilft.eu\/en\/transparenz","title":{"rendered":"Transparency"},"content":{"rendered":"<figure class=\"wp-block-embed is-type-video is-provider-youtube wp-block-embed-youtube wp-embed-aspect-16-9 wp-has-aspect-ratio\"><div class=\"wp-block-embed__wrapper\">\n<iframe loading=\"lazy\" hcb-fetch-image-from=\"https:\/\/www.youtube.com\/watch?v=QyWqvgoOv78\" title=\"Ben helps ...! - Transparency is important to me.\" width=\"750\" height=\"422\" src=\"https:\/\/www.youtube.com\/embed\/QyWqvgoOv78?feature=oembed\" frameborder=\"0\" allow=\"accelerometer; autoplay; clipboard-write; encrypted-media; gyroscope; picture-in-picture\" allowfullscreen><\/iframe>\n<\/div><\/figure>\n\n\n\n<p>Our promise to you is: full transparency! We guarantee this by keeping you regularly informed about the receipt of your support and our expenditures. This way, you can be sure that your support goes where it is really needed:<\/p>\n\n\n<style>.kt-tabs-id_ffe8b3-fc > .kt-tabs-content-wrap > .wp-block-kadence-tab{border-top-width:3px;border-right-width:0px;border-bottom-width:0px;border-left-width:0px;border-color:#800000;border-top-left-radius:0px;border-top-right-radius:0px;border-bottom-right-radius:0px;border-bottom-left-radius:0px;padding-top:10px;padding-right:10px;padding-bottom:10px;padding-left:10px;background:#e0dede;}.wp-block-kadence-tabs .kt-tabs-id_ffe8b3-fc > .kt-tabs-title-list li{margin-top:0px;margin-right:8px;margin-bottom:0px;margin-left:0px;}.wp-block-kadence-tabs .kt-tabs-id_ffe8b3-fc > .kt-tabs-title-list li:last-child{margin-right:0px;}.wp-block-kadence-tabs .kt-tabs-id_ffe8b3-fc > .kt-tabs-title-list li .kt-tab-title, .wp-block-kadence-tabs .kt-tabs-id_ffe8b3-fc > .kt-tabs-content-wrap > .kt-tabs-accordion-title .kt-tab-title{line-height:1.4em;font-weight:regular;font-style:normal;border-top-width:0px;border-right-width:0px;border-bottom-width:0px;border-left-width:0px;border-top-left-radius:4px;border-top-right-radius:4px;border-bottom-right-radius:0px;border-bottom-left-radius:0px;padding-top:8px;padding-right:20px;padding-bottom:8px;padding-left:20px;border-color:#eeeeee;color:#222222;background:#eeeeee;}.wp-block-kadence-tabs .kt-tabs-id_ffe8b3-fc > .kt-tabs-content-wrap > .kt-tabs-accordion-title .kt-tab-title{margin-top:0px;margin-right:8px;margin-bottom:0px;margin-left:0px;}.wp-block-kadence-tabs .kt-tabs-id_ffe8b3-fc > .kt-tabs-title-list li .kt-tab-title:hover, .wp-block-kadence-tabs .kt-tabs-id_ffe8b3-fc > .kt-tabs-content-wrap > .kt-tabs-accordion-title .kt-tab-title:hover{border-color:#eeeeee;color:#222222;background:#e2e2e2;}.wp-block-kadence-tabs .kt-tabs-id_ffe8b3-fc > .kt-tabs-title-list li.kt-tab-title-active .kt-tab-title, .wp-block-kadence-tabs .kt-tabs-id_ffe8b3-fc > .kt-tabs-content-wrap > .kt-tabs-accordion-title.kt-tab-title-active .kt-tab-title{border-color:#eeeeee;color:#ffffff;background:#800000;}<\/style>\n<div class=\"wp-block-kadence-tabs alignnone\"><div class=\"kt-tabs-wrap kt-tabs-id_ffe8b3-fc kt-tabs-has-3-tabs kt-active-tab-1 kt-tabs-layout-tabs kt-tabs-tablet-layout-inherit kt-tabs-mobile-layout-inherit kt-tab-alignment-left\" style=\"max-width:none\"><ul class=\"kt-tabs-title-list\"><li id=\"tab-kontostand\" class=\"kt-title-item kt-title-item-1 kt-tabs-svg-show-always kt-tabs-icon-side-right kt-tab-title-active\"><a href=\"#tab-kontostand\" data-tab=\"1\" class=\"kt-tab-title kt-tab-title-1\"><span class=\"kt-title-text\">Account balance<\/span><\/a><\/li><li id=\"tab-spenden\" class=\"kt-title-item kt-title-item-2 kt-tabs-svg-show-always kt-tabs-icon-side-right kt-tab-title-inactive\"><a href=\"#tab-spenden\" data-tab=\"2\" class=\"kt-tab-title kt-tab-title-2\"><span class=\"kt-title-text\">Donations<\/span><\/a><\/li><li id=\"tab-ausgaben\" class=\"kt-title-item kt-title-item-3 kt-tabs-svg-show-always kt-tabs-icon-side-right kt-tab-title-inactive\"><a href=\"#tab-ausgaben\" data-tab=\"3\" class=\"kt-tab-title kt-tab-title-3\"><span class=\"kt-title-text\">Expenditure<\/span><\/a><\/li><\/ul><div class=\"kt-tabs-content-wrap\">\n<div class=\"wp-block-kadence-tab kt-tab-inner-content kt-inner-tab-1 kt-inner-tab_5548be-50\"><div class=\"kt-tab-inner-content-inner\">\n<p class=\"has-text-align-center\"><strong>EUR 2,679.56<\/strong><\/p>\n<\/div><\/div>\n\n\n\n<div class=\"wp-block-kadence-tab kt-tab-inner-content kt-inner-tab-2 kt-inner-tab_fe3930-68\"><div class=\"kt-tab-inner-content-inner\">\n<div class=\"wp-block-columns is-not-stacked-on-mobile is-layout-flex wp-container-core-columns-is-layout-9d6595d7 wp-block-columns-is-layout-flex\">\n<div class=\"wp-block-column is-layout-flow wp-block-column-is-layout-flow\" style=\"flex-basis:100%\">\n<table id=\"tablepress-1\" class=\"tablepress tablepress-id-1\">\n<thead>\n<tr class=\"row-1\">\n\t<th class=\"column-1\">Date<\/th><th class=\"column-2\">Donor:inside<\/th><th class=\"column-3\">Total<\/th>\n<\/tr>\n<\/thead>\n<tbody class=\"row-striping row-hover\">\n<tr class=\"row-2\">\n\t<td class=\"column-1\">19.08.2022<\/td><td class=\"column-2\">Beren V. D.<\/td><td class=\"column-3\">200,-<\/td>\n<\/tr>\n<tr class=\"row-3\">\n\t<td class=\"column-1\">07.08.2022<\/td><td class=\"column-2\">Anonymous (via gofundme)<\/td><td class=\"column-3\">100,-<\/td>\n<\/tr>\n<tr class=\"row-4\">\n\t<td class=\"column-1\">02.08.2022<\/td><td class=\"column-2\">Stefan K.<\/td><td class=\"column-3\">200,-<\/td>\n<\/tr>\n<tr class=\"row-5\">\n\t<td class=\"column-1\">30.07.2022<\/td><td class=\"column-2\">Sabine K.<\/td><td class=\"column-3\">25,-<\/td>\n<\/tr>\n<tr class=\"row-6\">\n\t<td class=\"column-1\">25.07.2022<\/td><td class=\"column-2\">Ramona M.<\/td><td class=\"column-3\">50,-<\/td>\n<\/tr>\n<tr class=\"row-7\">\n\t<td class=\"column-1\">19.07.2022<\/td><td class=\"column-2\">Yulia K.<\/td><td class=\"column-3\">25,-<\/td>\n<\/tr>\n<tr class=\"row-8\">\n\t<td class=\"column-1\">18.07.2022<\/td><td class=\"column-2\">Christiane G.<\/td><td class=\"column-3\">50,-<\/td>\n<\/tr>\n<tr class=\"row-9\">\n\t<td class=\"column-1\">15.07.2022<\/td><td class=\"column-2\">Yves &amp; Andrea<\/td><td class=\"column-3\">70,-<\/td>\n<\/tr>\n<tr class=\"row-10\">\n\t<td class=\"column-1\">12.07.2022<\/td><td class=\"column-2\">Fernando P. (via Heimatstern e.V.)<\/td><td class=\"column-3\">250,-<\/td>\n<\/tr>\n<tr class=\"row-11\">\n\t<td class=\"column-1\">10.07.2022<\/td><td class=\"column-2\">Eva (cash donation)<\/td><td class=\"column-3\">20,-<\/td>\n<\/tr>\n<tr class=\"row-12\">\n\t<td class=\"column-1\">10.07.2022<\/td><td class=\"column-2\">Dariia (cash donation)<\/td><td class=\"column-3\">50,-<\/td>\n<\/tr>\n<tr class=\"row-13\">\n\t<td class=\"column-1\">08.07.2022<\/td><td class=\"column-2\">Verena G.<\/td><td class=\"column-3\">10,-<\/td>\n<\/tr>\n<tr class=\"row-14\">\n\t<td class=\"column-1\">07.07.2022<\/td><td class=\"column-2\">Michael S.<\/td><td class=\"column-3\">100,-<\/td>\n<\/tr>\n<tr class=\"row-15\">\n\t<td class=\"column-1\">02.07.2022<\/td><td class=\"column-2\">Anonymous (via gofundme)<\/td><td class=\"column-3\">2.000,-<\/td>\n<\/tr>\n<tr class=\"row-16\">\n\t<td class=\"column-1\">02.07.2022<\/td><td class=\"column-2\">Ulfried M. (via gofundme)<\/td><td class=\"column-3\">1.000,-<\/td>\n<\/tr>\n<tr class=\"row-17\">\n\t<td class=\"column-1\">28.06.2022<\/td><td class=\"column-2\">Bosco B.<\/td><td class=\"column-3\">150,-<\/td>\n<\/tr>\n<tr class=\"row-18\">\n\t<td class=\"column-1\">23.06.2022<\/td><td class=\"column-2\">Knut J. (via gofundme)<\/td><td class=\"column-3\">100,-<\/td>\n<\/tr>\n<tr class=\"row-19\">\n\t<td class=\"column-1\">22.06.2022<\/td><td class=\"column-2\">Ben W.<\/td><td class=\"column-3\">100,-<\/td>\n<\/tr>\n<tr class=\"row-20\">\n\t<td class=\"column-1\">22.06.2022<\/td><td class=\"column-2\">Stefan K.<\/td><td class=\"column-3\">100,-<\/td>\n<\/tr>\n<tr class=\"row-21\">\n\t<td class=\"column-1\">18.06.2022<\/td><td class=\"column-2\">Thomas G.<\/td><td class=\"column-3\">35,-<\/td>\n<\/tr>\n<tr class=\"row-22\">\n\t<td class=\"column-1\">16.06.2022<\/td><td class=\"column-2\">Diana K.<\/td><td class=\"column-3\">50,-<\/td>\n<\/tr>\n<tr class=\"row-23\">\n\t<td class=\"column-1\">16.06.2022<\/td><td class=\"column-2\">Michael M.<\/td><td class=\"column-3\">50,-<\/td>\n<\/tr>\n<tr class=\"row-24\">\n\t<td class=\"column-1\">16.06.2022<\/td><td class=\"column-2\">Burkhard P.-G.<\/td><td class=\"column-3\">70,-<\/td>\n<\/tr>\n<tr class=\"row-25\">\n\t<td class=\"column-1\">15.06.2022<\/td><td class=\"column-2\">Barbara K.<\/td><td class=\"column-3\">35,-<\/td>\n<\/tr>\n<tr class=\"row-26\">\n\t<td class=\"column-1\">14.06.2022<\/td><td class=\"column-2\">Jana H. (via gofundme)<\/td><td class=\"column-3\">50,<\/td>\n<\/tr>\n<tr class=\"row-27\">\n\t<td class=\"column-1\">11.06.2022<\/td><td class=\"column-2\">Gabriele M. (via gofundme)<\/td><td class=\"column-3\">100,-<\/td>\n<\/tr>\n<tr class=\"row-28\">\n\t<td class=\"column-1\">27.05.2022<\/td><td class=\"column-2\">Stephanie K.<\/td><td class=\"column-3\">50,-<\/td>\n<\/tr>\n<tr class=\"row-29\">\n\t<td class=\"column-1\">27.05.2022<\/td><td class=\"column-2\">Anne K.<\/td><td class=\"column-3\">20,-<\/td>\n<\/tr>\n<tr class=\"row-30\">\n\t<td class=\"column-1\">28.05.2022<\/td><td class=\"column-2\">Karoline H.<\/td><td class=\"column-3\">100,-<\/td>\n<\/tr>\n<tr class=\"row-31\">\n\t<td class=\"column-1\">28.05.2022<\/td><td class=\"column-2\">Bernd M.<\/td><td class=\"column-3\">50,-<\/td>\n<\/tr>\n<tr class=\"row-32\">\n\t<td class=\"column-1\">28.05.2022<\/td><td class=\"column-2\">Katharina W.<\/td><td class=\"column-3\">50,-<\/td>\n<\/tr>\n<tr class=\"row-33\">\n\t<td class=\"column-1\">30.05.2022<\/td><td class=\"column-2\">Ferdinand P.<\/td><td class=\"column-3\">100,-<\/td>\n<\/tr>\n<tr class=\"row-34\">\n\t<td class=\"column-1\">30.05.2022<\/td><td class=\"column-2\">Ben W.<\/td><td class=\"column-3\">30,-<\/td>\n<\/tr>\n<tr class=\"row-35\">\n\t<td class=\"column-1\">30.05.2022<\/td><td class=\"column-2\">Maria P.<\/td><td class=\"column-3\">100,-<\/td>\n<\/tr>\n<tr class=\"row-36\">\n\t<td class=\"column-1\">30.05.2022<\/td><td class=\"column-2\">Yves &amp; Andrea T.<\/td><td class=\"column-3\">100,-<\/td>\n<\/tr>\n<tr class=\"row-37\">\n\t<td class=\"column-1\">31.05.2022<\/td><td class=\"column-2\">Stefan K.<\/td><td class=\"column-3\">100,-<\/td>\n<\/tr>\n<\/tbody>\n<\/table>\n<!-- #tablepress-1 from cache -->\n<\/div>\n<\/div>\n<\/div><\/div>\n\n\n\n<div class=\"wp-block-kadence-tab kt-tab-inner-content kt-inner-tab-3 kt-inner-tab_cd1462-ef\"><div class=\"kt-tab-inner-content-inner\">\n<table id=\"tablepress-2\" class=\"tablepress tablepress-id-2\">\n<thead>\n<tr class=\"row-1\">\n\t<th class=\"column-1\">Description<\/th><th class=\"column-2\">Total<\/th>\n<\/tr>\n<\/thead>\n<tbody class=\"row-striping row-hover\">\n<tr class=\"row-2\">\n\t<td class=\"column-1\">1st order<\/td><td class=\"column-2\">383,72<\/td>\n<\/tr>\n<tr class=\"row-3\">\n\t<td class=\"column-1\">2. order<\/td><td class=\"column-2\">213,39<\/td>\n<\/tr>\n<tr class=\"row-4\">\n\t<td class=\"column-1\">Participation petrol costs<\/td><td class=\"column-2\">100,-<\/td>\n<\/tr>\n<tr class=\"row-5\">\n\t<td class=\"column-1\">Procurement puppy food<\/td><td class=\"column-2\">500,-<\/td>\n<\/tr>\n<tr class=\"row-6\">\n\t<td class=\"column-1\">Food \/ Medication for Olena<\/td><td class=\"column-2\">120,-<\/td>\n<\/tr>\n<tr class=\"row-7\">\n\t<td class=\"column-1\">Supplementary order fodder<\/td><td class=\"column-2\">668,55<\/td>\n<\/tr>\n<tr class=\"row-8\">\n\t<td class=\"column-1\">Relief supplies <\/td><td class=\"column-2\">583,27<\/td>\n<\/tr>\n<\/tbody>\n<\/table>\n<!-- #tablepress-2 from cache -->\n<\/div><\/div>\n<\/div><\/div><\/div>","protected":false},"excerpt":{"rendered":"<p>Our promise to you is: full transparency! We guarantee this by keeping you regularly informed about the receipt of your support and our expenditures. This way, you can be sure that your support goes where it is really needed:<\/p>","protected":false},"author":2,"featured_media":0,"parent":0,"menu_order":0,"comment_status":"closed","ping_status":"closed","template":"","meta":{"ngg_post_thumbnail":0,"footnotes":""},"class_list":["post-185","page","type-page","status-publish","hentry"],"yoast_head":"<!-- This site is optimized with the Yoast SEO plugin v27.4 - https:\/\/yoast.com\/product\/yoast-seo-wordpress\/ -->\n<title>Transparenz - Startseite - \u00bb Ben hilft \u2026! e.V.\u00ab<\/title>\n<meta name=\"robots\" content=\"index, follow, max-snippet:-1, max-image-preview:large, max-video-preview:-1\" \/>\n<link rel=\"canonical\" href=\"https:\/\/ben-hilft.eu\/en\/transparenz\/\" \/>\n<meta property=\"og:locale\" content=\"en_GB\" \/>\n<meta property=\"og:type\" content=\"article\" \/>\n<meta property=\"og:title\" content=\"Transparenz - Startseite - \u00bb Ben hilft \u2026! e.V.\u00ab\" \/>\n<meta property=\"og:description\" content=\"Unser Versprechen an euch ist: volle Transparenz! Dies gew\u00e4hrleisten wir, in dem wir euch regelm\u00e4\u00dfig \u00fcber den Eingang eurer Unterst\u00fctzung sowie unsere Ausgaben auf dem Laufenden halten. So k\u00f6nnt ihr euch sicher sein, jede Unterst\u00fctzung kommt dort an, wo sie wirklich ben\u00f6tigt wird:\" \/>\n<meta property=\"og:url\" content=\"https:\/\/ben-hilft.eu\/en\/transparenz\/\" \/>\n<meta property=\"og:site_name\" content=\"Startseite - \u00bb Ben hilft \u2026! e.V.\u00ab\" \/>\n<meta property=\"article:publisher\" content=\"https:\/\/www.facebook.com\/groups\/1984915878386164\/\" \/>\n<meta property=\"article:modified_time\" content=\"2022-08-20T08:22:56+00:00\" \/>\n<meta name=\"twitter:card\" content=\"summary_large_image\" \/>\n<meta name=\"twitter:site\" content=\"@ben_hilft\" \/>\n<meta name=\"twitter:label1\" content=\"Estimated reading time\" \/>\n\t<meta name=\"twitter:data1\" content=\"1 minute\" \/>\n<script type=\"application\/ld+json\" class=\"yoast-schema-graph\">{\"@context\":\"https:\\\/\\\/schema.org\",\"@graph\":[{\"@type\":\"WebPage\",\"@id\":\"https:\\\/\\\/ben-hilft.eu\\\/transparenz\",\"url\":\"https:\\\/\\\/ben-hilft.eu\\\/transparenz\",\"name\":\"Transparenz - Startseite - \u00bb Ben hilft \u2026! e.V.\u00ab\",\"isPartOf\":{\"@id\":\"https:\\\/\\\/ben-hilft.eu\\\/#website\"},\"datePublished\":\"2022-05-29T07:35:20+00:00\",\"dateModified\":\"2022-08-20T08:22:56+00:00\",\"breadcrumb\":{\"@id\":\"https:\\\/\\\/ben-hilft.eu\\\/transparenz#breadcrumb\"},\"inLanguage\":\"en-GB\",\"potentialAction\":[{\"@type\":\"ReadAction\",\"target\":[\"https:\\\/\\\/ben-hilft.eu\\\/transparenz\"]}]},{\"@type\":\"BreadcrumbList\",\"@id\":\"https:\\\/\\\/ben-hilft.eu\\\/transparenz#breadcrumb\",\"itemListElement\":[{\"@type\":\"ListItem\",\"position\":1,\"name\":\"Startseite\",\"item\":\"http:\\\/\\\/ben-hilft.eu\\\/en\\\/\"},{\"@type\":\"ListItem\",\"position\":2,\"name\":\"Transparenz\"}]},{\"@type\":\"WebSite\",\"@id\":\"https:\\\/\\\/ben-hilft.eu\\\/#website\",\"url\":\"https:\\\/\\\/ben-hilft.eu\\\/\",\"name\":\"Startseite - \u00bb Ben hilft \u2026! e.V.\u00ab\",\"description\":\"Denn: Nur helfen hilft!\",\"publisher\":{\"@id\":\"https:\\\/\\\/ben-hilft.eu\\\/#organization\"},\"potentialAction\":[{\"@type\":\"SearchAction\",\"target\":{\"@type\":\"EntryPoint\",\"urlTemplate\":\"https:\\\/\\\/ben-hilft.eu\\\/?s={search_term_string}\"},\"query-input\":{\"@type\":\"PropertyValueSpecification\",\"valueRequired\":true,\"valueName\":\"search_term_string\"}}],\"inLanguage\":\"en-GB\"},{\"@type\":\"Organization\",\"@id\":\"https:\\\/\\\/ben-hilft.eu\\\/#organization\",\"name\":\"Ben hilft \u2026!\",\"url\":\"https:\\\/\\\/ben-hilft.eu\\\/\",\"logo\":{\"@type\":\"ImageObject\",\"inLanguage\":\"en-GB\",\"@id\":\"https:\\\/\\\/ben-hilft.eu\\\/#\\\/schema\\\/logo\\\/image\\\/\",\"url\":\"https:\\\/\\\/ben-hilft.eu\\\/wp-content\\\/uploads\\\/2022\\\/06\\\/Ben_hilft_logo-1024x302.png\",\"contentUrl\":\"https:\\\/\\\/ben-hilft.eu\\\/wp-content\\\/uploads\\\/2022\\\/06\\\/Ben_hilft_logo-1024x302.png\",\"width\":1024,\"height\":302,\"caption\":\"Ben hilft \u2026!\"},\"image\":{\"@id\":\"https:\\\/\\\/ben-hilft.eu\\\/#\\\/schema\\\/logo\\\/image\\\/\"},\"sameAs\":[\"https:\\\/\\\/www.facebook.com\\\/groups\\\/1984915878386164\\\/\",\"https:\\\/\\\/x.com\\\/ben_hilft\"]}]}<\/script>\n<!-- \/ Yoast SEO plugin. -->","yoast_head_json":{"title":"Transparenz - Startseite - \u00bb Ben hilft \u2026! e.V.\u00ab","robots":{"index":"index","follow":"follow","max-snippet":"max-snippet:-1","max-image-preview":"max-image-preview:large","max-video-preview":"max-video-preview:-1"},"canonical":"https:\/\/ben-hilft.eu\/en\/transparenz\/","og_locale":"en_GB","og_type":"article","og_title":"Transparenz - Startseite - \u00bb Ben hilft \u2026! e.V.\u00ab","og_description":"Unser Versprechen an euch ist: volle Transparenz! Dies gew\u00e4hrleisten wir, in dem wir euch regelm\u00e4\u00dfig \u00fcber den Eingang eurer Unterst\u00fctzung sowie unsere Ausgaben auf dem Laufenden halten. So k\u00f6nnt ihr euch sicher sein, jede Unterst\u00fctzung kommt dort an, wo sie wirklich ben\u00f6tigt wird:","og_url":"https:\/\/ben-hilft.eu\/en\/transparenz\/","og_site_name":"Startseite - \u00bb Ben hilft \u2026! e.V.\u00ab","article_publisher":"https:\/\/www.facebook.com\/groups\/1984915878386164\/","article_modified_time":"2022-08-20T08:22:56+00:00","twitter_card":"summary_large_image","twitter_site":"@ben_hilft","twitter_misc":{"Estimated reading time":"1 minute"},"schema":{"@context":"https:\/\/schema.org","@graph":[{"@type":"WebPage","@id":"https:\/\/ben-hilft.eu\/transparenz","url":"https:\/\/ben-hilft.eu\/transparenz","name":"Transparenz - Startseite - \u00bb Ben hilft \u2026! e.V.\u00ab","isPartOf":{"@id":"https:\/\/ben-hilft.eu\/#website"},"datePublished":"2022-05-29T07:35:20+00:00","dateModified":"2022-08-20T08:22:56+00:00","breadcrumb":{"@id":"https:\/\/ben-hilft.eu\/transparenz#breadcrumb"},"inLanguage":"en-GB","potentialAction":[{"@type":"ReadAction","target":["https:\/\/ben-hilft.eu\/transparenz"]}]},{"@type":"BreadcrumbList","@id":"https:\/\/ben-hilft.eu\/transparenz#breadcrumb","itemListElement":[{"@type":"ListItem","position":1,"name":"Startseite","item":"http:\/\/ben-hilft.eu\/en\/"},{"@type":"ListItem","position":2,"name":"Transparenz"}]},{"@type":"WebSite","@id":"https:\/\/ben-hilft.eu\/#website","url":"https:\/\/ben-hilft.eu\/","name":"Homepage - \" Ben hilft ...! e.V.\"","description":"Because: Only helping helps!","publisher":{"@id":"https:\/\/ben-hilft.eu\/#organization"},"potentialAction":[{"@type":"SearchAction","target":{"@type":"EntryPoint","urlTemplate":"https:\/\/ben-hilft.eu\/?s={search_term_string}"},"query-input":{"@type":"PropertyValueSpecification","valueRequired":true,"valueName":"search_term_string"}}],"inLanguage":"en-GB"},{"@type":"Organization","@id":"https:\/\/ben-hilft.eu\/#organization","name":"Ben hilft \u2026!","url":"https:\/\/ben-hilft.eu\/","logo":{"@type":"ImageObject","inLanguage":"en-GB","@id":"https:\/\/ben-hilft.eu\/#\/schema\/logo\/image\/","url":"https:\/\/ben-hilft.eu\/wp-content\/uploads\/2022\/06\/Ben_hilft_logo-1024x302.png","contentUrl":"https:\/\/ben-hilft.eu\/wp-content\/uploads\/2022\/06\/Ben_hilft_logo-1024x302.png","width":1024,"height":302,"caption":"Ben hilft \u2026!"},"image":{"@id":"https:\/\/ben-hilft.eu\/#\/schema\/logo\/image\/"},"sameAs":["https:\/\/www.facebook.com\/groups\/1984915878386164\/","https:\/\/x.com\/ben_hilft"]}]}},"_links":{"self":[{"href":"https:\/\/ben-hilft.eu\/en\/wp-json\/wp\/v2\/pages\/185","targetHints":{"allow":["GET"]}}],"collection":[{"href":"https:\/\/ben-hilft.eu\/en\/wp-json\/wp\/v2\/pages"}],"about":[{"href":"https:\/\/ben-hilft.eu\/en\/wp-json\/wp\/v2\/types\/page"}],"author":[{"embeddable":true,"href":"https:\/\/ben-hilft.eu\/en\/wp-json\/wp\/v2\/users\/2"}],"replies":[{"embeddable":true,"href":"https:\/\/ben-hilft.eu\/en\/wp-json\/wp\/v2\/comments?post=185"}],"version-history":[{"count":11,"href":"https:\/\/ben-hilft.eu\/en\/wp-json\/wp\/v2\/pages\/185\/revisions"}],"predecessor-version":[{"id":654,"href":"https:\/\/ben-hilft.eu\/en\/wp-json\/wp\/v2\/pages\/185\/revisions\/654"}],"wp:attachment":[{"href":"https:\/\/ben-hilft.eu\/en\/wp-json\/wp\/v2\/media?parent=185"}],"curies":[{"name":"wp","href":"https:\/\/api.w.org\/{rel}","templated":true}]}}