{"id":4,"date":"2022-05-27T11:54:21","date_gmt":"2022-05-27T11:54:21","guid":{"rendered":"http:\/\/ben-hilft.eu\/willkommen-auf-http-ben-hilft-eu"},"modified":"2022-07-11T20:50:55","modified_gmt":"2022-07-11T18:50:55","slug":"willkommen-auf-http-ben-hilft-eu","status":"publish","type":"page","link":"https:\/\/ben-hilft.eu\/en\/","title":{"rendered":"Welcome to \" Ben helps ...! \""},"content":{"rendered":"<p>With Putin's attack on Ukraine, the world changed on 24 February 2022. People have packed what they can and left Ukraine, or are still on their way. We have a humanitarian catastrophe in the middle of Europe. In a very short time, more than two million refugees have crossed international borders and are seeking shelter in neighbouring countries. In some cases, people have had to leave their beloved animals behind. We have set ourselves the goal of helping - \" Ben helps ...! \" stands for helping where help is needed. <\/p>\n\n\n\n<p>The last few weeks some of us have been working hard at \" <a href=\"https:\/\/civilreliefmunich.org\/\" data-type=\"URL\" data-id=\"https:\/\/civilreliefmunich.org\/\">Civil Relief Munich<\/a> \". As the initiative is reorganising itself (see more info here: \" <a rel=\"noreferrer noopener\" href=\"https:\/\/civilreliefmunich.org\/jetzt-geht-es-ins-naechste-kapitel\/\" target=\"_blank\">Link to the article<\/a> \") and areas in which we would like to be active are not currently offered, there is now \" Ben helps ...! \".<\/p>\n\n\n\n<p>As \" Ben helps ...! \"we work together with local organisations in Ukraine, Poland and Germany to provide help where it is urgently needed. For example, we support \" <a href=\"https:\/\/ben-hilft.eu\/en\/partner\/\">War Animal Care International<\/a> \" or also together with Bob the initiative of Sascha Winkler (\" <a href=\"https:\/\/www.facebook.com\/winkleraktiv\" data-type=\"URL\" data-id=\"https:\/\/www.facebook.com\/winkleraktiv\">Winkler ACTIVE<\/a> \") with food. For this we collect \" <a href=\"https:\/\/ben-hilft.eu\/en\/unterstuetze_mich\/\">Money and food<\/a> \"and bring or send this collected to the Polish\/Ukrainian border or directly on site, e.g. to Lviv.<\/p>\n\n\n\n<p>Join us on our journey in our blog! We will gladly take you along on our journey and show you that every cent, every can of food, every bit of help goes exactly where it is needed. You have our word on that - thank you very much!<\/p>","protected":false},"excerpt":{"rendered":"<p>Mit dem Angriff Putins auf die Ukraine hat sich am 24. Februar 2022 die Welt ver\u00e4ndert. Menschen haben, soweit noch m\u00f6glich, das n\u00f6tigste gepackt und die Ukraine verlassen, oder sind aktuell noch auf dem Weg. Wir haben eine humanit\u00e4re Katastrophe mitten in Europa. In k\u00fcrzester Zeit haben \u00fcber zwei Millionen [&hellip;]<\/p>\n","protected":false},"author":2,"featured_media":0,"parent":0,"menu_order":0,"comment_status":"closed","ping_status":"open","template":"","meta":{"ngg_post_thumbnail":0,"footnotes":""},"class_list":["post-4","page","type-page","status-publish","hentry"],"yoast_head":"<!-- This site is optimized with the Yoast SEO plugin v27.4 - https:\/\/yoast.com\/product\/yoast-seo-wordpress\/ -->\n<title>Willkommen auf \u00bb Ben hilft ...! \u00ab - Startseite - \u00bb Ben hilft \u2026! e.V.\u00ab<\/title>\n<meta name=\"robots\" content=\"index, follow, max-snippet:-1, max-image-preview:large, max-video-preview:-1\" \/>\n<link rel=\"canonical\" href=\"http:\/\/ben-hilft.eu\/en\/\" \/>\n<meta property=\"og:locale\" content=\"en_GB\" \/>\n<meta property=\"og:type\" content=\"article\" \/>\n<meta property=\"og:title\" content=\"Willkommen auf \u00bb Ben hilft ...! \u00ab - Startseite - \u00bb Ben hilft \u2026! e.V.\u00ab\" \/>\n<meta property=\"og:description\" content=\"Mit dem Angriff Putins auf die Ukraine hat sich am 24. Februar 2022 die Welt ver\u00e4ndert. Menschen haben, soweit noch m\u00f6glich, das n\u00f6tigste gepackt und die Ukraine verlassen, oder sind aktuell noch auf dem Weg. Wir haben eine humanit\u00e4re Katastrophe mitten in Europa. In k\u00fcrzester Zeit haben \u00fcber zwei Millionen [&hellip;]\" \/>\n<meta property=\"og:url\" content=\"http:\/\/ben-hilft.eu\/en\/\" \/>\n<meta property=\"og:site_name\" content=\"Startseite - \u00bb Ben hilft \u2026! e.V.\u00ab\" \/>\n<meta property=\"article:publisher\" content=\"https:\/\/www.facebook.com\/groups\/1984915878386164\/\" \/>\n<meta property=\"article:modified_time\" content=\"2022-07-11T18:50:55+00:00\" \/>\n<meta name=\"twitter:card\" content=\"summary_large_image\" \/>\n<meta name=\"twitter:site\" content=\"@ben_hilft\" \/>\n<meta name=\"twitter:label1\" content=\"Estimated reading time\" \/>\n\t<meta name=\"twitter:data1\" content=\"1 minute\" \/>\n<script type=\"application\/ld+json\" class=\"yoast-schema-graph\">{\"@context\":\"https:\\\/\\\/schema.org\",\"@graph\":[{\"@type\":\"WebPage\",\"@id\":\"http:\\\/\\\/ben-hilft.eu\\\/en\\\/\",\"url\":\"http:\\\/\\\/ben-hilft.eu\\\/en\\\/\",\"name\":\"Willkommen auf \u00bb Ben hilft ...! \u00ab - Startseite - \u00bb Ben hilft \u2026! e.V.\u00ab\",\"isPartOf\":{\"@id\":\"https:\\\/\\\/ben-hilft.eu\\\/#website\"},\"datePublished\":\"2022-05-27T11:54:21+00:00\",\"dateModified\":\"2022-07-11T18:50:55+00:00\",\"breadcrumb\":{\"@id\":\"http:\\\/\\\/ben-hilft.eu\\\/en\\\/#breadcrumb\"},\"inLanguage\":\"en-GB\",\"potentialAction\":[{\"@type\":\"ReadAction\",\"target\":[\"http:\\\/\\\/ben-hilft.eu\\\/en\\\/\"]}]},{\"@type\":\"BreadcrumbList\",\"@id\":\"http:\\\/\\\/ben-hilft.eu\\\/en\\\/#breadcrumb\",\"itemListElement\":[{\"@type\":\"ListItem\",\"position\":1,\"name\":\"Startseite\",\"item\":\"http:\\\/\\\/ben-hilft.eu\\\/en\\\/\"},{\"@type\":\"ListItem\",\"position\":2,\"name\":\"Willkommen auf \u00bb Ben hilft &#8230;! \u00ab\"}]},{\"@type\":\"WebSite\",\"@id\":\"https:\\\/\\\/ben-hilft.eu\\\/#website\",\"url\":\"https:\\\/\\\/ben-hilft.eu\\\/\",\"name\":\"Startseite - \u00bb Ben hilft \u2026! e.V.\u00ab\",\"description\":\"Denn: Nur helfen hilft!\",\"publisher\":{\"@id\":\"https:\\\/\\\/ben-hilft.eu\\\/#organization\"},\"potentialAction\":[{\"@type\":\"SearchAction\",\"target\":{\"@type\":\"EntryPoint\",\"urlTemplate\":\"https:\\\/\\\/ben-hilft.eu\\\/?s={search_term_string}\"},\"query-input\":{\"@type\":\"PropertyValueSpecification\",\"valueRequired\":true,\"valueName\":\"search_term_string\"}}],\"inLanguage\":\"en-GB\"},{\"@type\":\"Organization\",\"@id\":\"https:\\\/\\\/ben-hilft.eu\\\/#organization\",\"name\":\"Ben hilft \u2026!\",\"url\":\"https:\\\/\\\/ben-hilft.eu\\\/\",\"logo\":{\"@type\":\"ImageObject\",\"inLanguage\":\"en-GB\",\"@id\":\"https:\\\/\\\/ben-hilft.eu\\\/#\\\/schema\\\/logo\\\/image\\\/\",\"url\":\"https:\\\/\\\/ben-hilft.eu\\\/wp-content\\\/uploads\\\/2022\\\/06\\\/Ben_hilft_logo-1024x302.png\",\"contentUrl\":\"https:\\\/\\\/ben-hilft.eu\\\/wp-content\\\/uploads\\\/2022\\\/06\\\/Ben_hilft_logo-1024x302.png\",\"width\":1024,\"height\":302,\"caption\":\"Ben hilft \u2026!\"},\"image\":{\"@id\":\"https:\\\/\\\/ben-hilft.eu\\\/#\\\/schema\\\/logo\\\/image\\\/\"},\"sameAs\":[\"https:\\\/\\\/www.facebook.com\\\/groups\\\/1984915878386164\\\/\",\"https:\\\/\\\/x.com\\\/ben_hilft\"]}]}<\/script>\n<!-- \/ Yoast SEO plugin. -->","yoast_head_json":{"title":"Willkommen auf \u00bb Ben hilft ...! \u00ab - Startseite - \u00bb Ben hilft \u2026! e.V.\u00ab","robots":{"index":"index","follow":"follow","max-snippet":"max-snippet:-1","max-image-preview":"max-image-preview:large","max-video-preview":"max-video-preview:-1"},"canonical":"http:\/\/ben-hilft.eu\/en\/","og_locale":"en_GB","og_type":"article","og_title":"Willkommen auf \u00bb Ben hilft ...! \u00ab - Startseite - \u00bb Ben hilft \u2026! e.V.\u00ab","og_description":"Mit dem Angriff Putins auf die Ukraine hat sich am 24. Februar 2022 die Welt ver\u00e4ndert. Menschen haben, soweit noch m\u00f6glich, das n\u00f6tigste gepackt und die Ukraine verlassen, oder sind aktuell noch auf dem Weg. Wir haben eine humanit\u00e4re Katastrophe mitten in Europa. In k\u00fcrzester Zeit haben \u00fcber zwei Millionen [&hellip;]","og_url":"http:\/\/ben-hilft.eu\/en\/","og_site_name":"Startseite - \u00bb Ben hilft \u2026! e.V.\u00ab","article_publisher":"https:\/\/www.facebook.com\/groups\/1984915878386164\/","article_modified_time":"2022-07-11T18:50:55+00:00","twitter_card":"summary_large_image","twitter_site":"@ben_hilft","twitter_misc":{"Estimated reading time":"1 minute"},"schema":{"@context":"https:\/\/schema.org","@graph":[{"@type":"WebPage","@id":"http:\/\/ben-hilft.eu\/en\/","url":"http:\/\/ben-hilft.eu\/en\/","name":"Willkommen auf \u00bb Ben hilft ...! \u00ab - Startseite - \u00bb Ben hilft \u2026! e.V.\u00ab","isPartOf":{"@id":"https:\/\/ben-hilft.eu\/#website"},"datePublished":"2022-05-27T11:54:21+00:00","dateModified":"2022-07-11T18:50:55+00:00","breadcrumb":{"@id":"http:\/\/ben-hilft.eu\/en\/#breadcrumb"},"inLanguage":"en-GB","potentialAction":[{"@type":"ReadAction","target":["http:\/\/ben-hilft.eu\/en\/"]}]},{"@type":"BreadcrumbList","@id":"http:\/\/ben-hilft.eu\/en\/#breadcrumb","itemListElement":[{"@type":"ListItem","position":1,"name":"Startseite","item":"http:\/\/ben-hilft.eu\/en\/"},{"@type":"ListItem","position":2,"name":"Willkommen auf \u00bb Ben hilft &#8230;! \u00ab"}]},{"@type":"WebSite","@id":"https:\/\/ben-hilft.eu\/#website","url":"https:\/\/ben-hilft.eu\/","name":"Homepage - \" Ben hilft ...! e.V.\"","description":"Because: Only helping helps!","publisher":{"@id":"https:\/\/ben-hilft.eu\/#organization"},"potentialAction":[{"@type":"SearchAction","target":{"@type":"EntryPoint","urlTemplate":"https:\/\/ben-hilft.eu\/?s={search_term_string}"},"query-input":{"@type":"PropertyValueSpecification","valueRequired":true,"valueName":"search_term_string"}}],"inLanguage":"en-GB"},{"@type":"Organization","@id":"https:\/\/ben-hilft.eu\/#organization","name":"Ben hilft \u2026!","url":"https:\/\/ben-hilft.eu\/","logo":{"@type":"ImageObject","inLanguage":"en-GB","@id":"https:\/\/ben-hilft.eu\/#\/schema\/logo\/image\/","url":"https:\/\/ben-hilft.eu\/wp-content\/uploads\/2022\/06\/Ben_hilft_logo-1024x302.png","contentUrl":"https:\/\/ben-hilft.eu\/wp-content\/uploads\/2022\/06\/Ben_hilft_logo-1024x302.png","width":1024,"height":302,"caption":"Ben hilft \u2026!"},"image":{"@id":"https:\/\/ben-hilft.eu\/#\/schema\/logo\/image\/"},"sameAs":["https:\/\/www.facebook.com\/groups\/1984915878386164\/","https:\/\/x.com\/ben_hilft"]}]}},"_links":{"self":[{"href":"https:\/\/ben-hilft.eu\/en\/wp-json\/wp\/v2\/pages\/4","targetHints":{"allow":["GET"]}}],"collection":[{"href":"https:\/\/ben-hilft.eu\/en\/wp-json\/wp\/v2\/pages"}],"about":[{"href":"https:\/\/ben-hilft.eu\/en\/wp-json\/wp\/v2\/types\/page"}],"author":[{"embeddable":true,"href":"https:\/\/ben-hilft.eu\/en\/wp-json\/wp\/v2\/users\/2"}],"replies":[{"embeddable":true,"href":"https:\/\/ben-hilft.eu\/en\/wp-json\/wp\/v2\/comments?post=4"}],"version-history":[{"count":11,"href":"https:\/\/ben-hilft.eu\/en\/wp-json\/wp\/v2\/pages\/4\/revisions"}],"predecessor-version":[{"id":489,"href":"https:\/\/ben-hilft.eu\/en\/wp-json\/wp\/v2\/pages\/4\/revisions\/489"}],"wp:attachment":[{"href":"https:\/\/ben-hilft.eu\/en\/wp-json\/wp\/v2\/media?parent=4"}],"curies":[{"name":"wp","href":"https:\/\/api.w.org\/{rel}","templated":true}]}}