{"id":41,"date":"2022-05-27T13:16:02","date_gmt":"2022-05-27T13:16:02","guid":{"rendered":"http:\/\/ben-hilft.eu\/?page_id=41"},"modified":"2022-10-22T11:41:17","modified_gmt":"2022-10-22T09:41:17","slug":"unterstuetze_mich","status":"publish","type":"page","link":"https:\/\/ben-hilft.eu\/en\/unterstuetze_mich","title":{"rendered":"Your support helps ...!"},"content":{"rendered":"<p>On 24 February 2022, the world changed. People have packed what they can and are fleeing Ukraine. We have a humanitarian catastrophe in the middle of Europe. In a very short time, over two million refugees have crossed international borders and are seeking shelter in neighbouring countries. Some people have had to leave their beloved animals behind. <\/p>\n\n\n\n<p>We have set ourselves the goal of helping. \"Ben helps ...! \"stands for helping where help is needed. However, we depend on your help, because together we can make a difference and help where help is needed.<\/p>\n\n\n\n<p><strong>\"Ben helps ...! \"is completely financed by your support<\/strong>&nbsp;- without any overhead. All income is used exclusively for transport costs and relief supplies agreed directly with the recipients.&nbsp;<strong>We work for 100% free of charge and on a voluntary basis.<\/strong>&nbsp;We bear all running costs privately or they are covered by our partners. In this way, every euro is guaranteed to reach where it is needed most.<\/p>\n\n\n\n<p>We stand for transparency, so you can \" <a href=\"https:\/\/ben-hilft.eu\/en\/transparenz\/\" data-type=\"page\" data-id=\"185\">HERE<\/a> \" to see the list of your supports. Do you have any questions? Then contact us directly \" <a href=\"mailto:info@ben-hilft.eu\" data-type=\"mailto\" data-id=\"mailto:info@ben-hilft.eu\">CONTACT<\/a> \" with me on. <\/p>\n\n\n\n<p>How you can help us:<\/p>\n\n\n\n<p>PayPal:  <a href=\"https:\/\/PayPal.me\/benhilft\" target=\"_blank\" rel=\"noreferrer noopener\">https:\/\/PayPal.me\/benhilft<\/a><\/p>\n\n\n\n<p><strong>Chuck<\/strong> - that it arrives directly where it is urgently needed. Please discuss an order \/ delivery with me beforehand. The food can also be sent directly to me!<\/p>\n\n\n\n<div class=\"wp-block-columns is-layout-flex wp-container-core-columns-is-layout-9d6595d7 wp-block-columns-is-layout-flex\">\n<div class=\"wp-block-column is-layout-flow wp-block-column-is-layout-flow\"><\/div>\n\n\n\n<div class=\"wp-block-column is-layout-flow wp-block-column-is-layout-flow\"><\/div>\n<\/div>\n\n\n\n<p><strong>A big thank you goes to our previous supporters<\/strong>!<\/p>\n\n\n\n<figure class=\"wp-block-embed is-type-video is-provider-youtube wp-block-embed-youtube wp-embed-aspect-16-9 wp-has-aspect-ratio\"><div class=\"wp-block-embed__wrapper\">\n<iframe loading=\"lazy\" hcb-fetch-image-from=\"https:\/\/www.youtube.com\/watch?v=jxIiskGuVkM\" title=\"Ben helps ...! - How you can support me.\" width=\"750\" height=\"422\" src=\"https:\/\/www.youtube.com\/embed\/jxIiskGuVkM?feature=oembed\" frameborder=\"0\" allow=\"accelerometer; autoplay; clipboard-write; encrypted-media; gyroscope; picture-in-picture\" allowfullscreen><\/iframe>\n<\/div><\/figure>","protected":false},"excerpt":{"rendered":"<p>Am 24. Februar 2022 ver\u00e4nderte sich die Welt. Menschen haben, soweit noch m\u00f6glich, das n\u00f6tigste gepackt und fliehen aus der Ukraine. Wir haben eine humanit\u00e4ren Katastrophe mitten in Europa. In k\u00fcrzester Zeit haben \u00fcber zwei Millionen Fl\u00fcchtlinge die internationalen Grenzen \u00fcberschritten und suchen Schutz in Nachbarl\u00e4ndern. Teilweise mussten Menschen ihre [&hellip;]<\/p>\n","protected":false},"author":2,"featured_media":67,"parent":0,"menu_order":0,"comment_status":"closed","ping_status":"closed","template":"","meta":{"ngg_post_thumbnail":0,"footnotes":""},"class_list":["post-41","page","type-page","status-publish","has-post-thumbnail","hentry"],"yoast_head":"<!-- This site is optimized with the Yoast SEO plugin v27.4 - https:\/\/yoast.com\/product\/yoast-seo-wordpress\/ -->\n<title>Deine Unterst\u00fctzung hilft ...! - Startseite - \u00bb Ben hilft \u2026! e.V.\u00ab<\/title>\n<meta name=\"robots\" content=\"index, follow, max-snippet:-1, max-image-preview:large, max-video-preview:-1\" \/>\n<link rel=\"canonical\" href=\"https:\/\/ben-hilft.eu\/en\/unterstuetze_mich\/\" \/>\n<meta property=\"og:locale\" content=\"en_GB\" \/>\n<meta property=\"og:type\" content=\"article\" \/>\n<meta property=\"og:title\" content=\"Deine Unterst\u00fctzung hilft ...! - Startseite - \u00bb Ben hilft \u2026! e.V.\u00ab\" \/>\n<meta property=\"og:description\" content=\"Am 24. Februar 2022 ver\u00e4nderte sich die Welt. Menschen haben, soweit noch m\u00f6glich, das n\u00f6tigste gepackt und fliehen aus der Ukraine. Wir haben eine humanit\u00e4ren Katastrophe mitten in Europa. In k\u00fcrzester Zeit haben \u00fcber zwei Millionen Fl\u00fcchtlinge die internationalen Grenzen \u00fcberschritten und suchen Schutz in Nachbarl\u00e4ndern. Teilweise mussten Menschen ihre [&hellip;]\" \/>\n<meta property=\"og:url\" content=\"https:\/\/ben-hilft.eu\/en\/unterstuetze_mich\/\" \/>\n<meta property=\"og:site_name\" content=\"Startseite - \u00bb Ben hilft \u2026! e.V.\u00ab\" \/>\n<meta property=\"article:publisher\" content=\"https:\/\/www.facebook.com\/groups\/1984915878386164\/\" \/>\n<meta property=\"article:modified_time\" content=\"2022-10-22T09:41:17+00:00\" \/>\n<meta property=\"og:image\" content=\"https:\/\/ben-hilft.eu\/wp-content\/uploads\/2022\/05\/b5f87b66-db7e-4ac8-9695-cf11e9af7706-e1653664034310.jpg\" \/>\n\t<meta property=\"og:image:width\" content=\"2048\" \/>\n\t<meta property=\"og:image:height\" content=\"890\" \/>\n\t<meta property=\"og:image:type\" content=\"image\/jpeg\" \/>\n<meta name=\"twitter:card\" content=\"summary_large_image\" \/>\n<meta name=\"twitter:site\" content=\"@ben_hilft\" \/>\n<meta name=\"twitter:label1\" content=\"Estimated reading time\" \/>\n\t<meta name=\"twitter:data1\" content=\"2 minutes\" \/>\n<script type=\"application\/ld+json\" class=\"yoast-schema-graph\">{\"@context\":\"https:\\\/\\\/schema.org\",\"@graph\":[{\"@type\":\"WebPage\",\"@id\":\"https:\\\/\\\/ben-hilft.eu\\\/unterstuetze_mich\",\"url\":\"https:\\\/\\\/ben-hilft.eu\\\/unterstuetze_mich\",\"name\":\"Deine Unterst\u00fctzung hilft ...! - Startseite - \u00bb Ben hilft \u2026! e.V.\u00ab\",\"isPartOf\":{\"@id\":\"https:\\\/\\\/ben-hilft.eu\\\/#website\"},\"primaryImageOfPage\":{\"@id\":\"https:\\\/\\\/ben-hilft.eu\\\/unterstuetze_mich#primaryimage\"},\"image\":{\"@id\":\"https:\\\/\\\/ben-hilft.eu\\\/unterstuetze_mich#primaryimage\"},\"thumbnailUrl\":\"https:\\\/\\\/ben-hilft.eu\\\/wp-content\\\/uploads\\\/2022\\\/05\\\/b5f87b66-db7e-4ac8-9695-cf11e9af7706-e1653664034310.jpg\",\"datePublished\":\"2022-05-27T13:16:02+00:00\",\"dateModified\":\"2022-10-22T09:41:17+00:00\",\"breadcrumb\":{\"@id\":\"https:\\\/\\\/ben-hilft.eu\\\/unterstuetze_mich#breadcrumb\"},\"inLanguage\":\"en-GB\",\"potentialAction\":[{\"@type\":\"ReadAction\",\"target\":[\"https:\\\/\\\/ben-hilft.eu\\\/unterstuetze_mich\"]}]},{\"@type\":\"ImageObject\",\"inLanguage\":\"en-GB\",\"@id\":\"https:\\\/\\\/ben-hilft.eu\\\/unterstuetze_mich#primaryimage\",\"url\":\"https:\\\/\\\/ben-hilft.eu\\\/wp-content\\\/uploads\\\/2022\\\/05\\\/b5f87b66-db7e-4ac8-9695-cf11e9af7706-e1653664034310.jpg\",\"contentUrl\":\"https:\\\/\\\/ben-hilft.eu\\\/wp-content\\\/uploads\\\/2022\\\/05\\\/b5f87b66-db7e-4ac8-9695-cf11e9af7706-e1653664034310.jpg\",\"width\":2048,\"height\":890},{\"@type\":\"BreadcrumbList\",\"@id\":\"https:\\\/\\\/ben-hilft.eu\\\/unterstuetze_mich#breadcrumb\",\"itemListElement\":[{\"@type\":\"ListItem\",\"position\":1,\"name\":\"Startseite\",\"item\":\"http:\\\/\\\/ben-hilft.eu\\\/en\\\/\"},{\"@type\":\"ListItem\",\"position\":2,\"name\":\"Deine Unterst\u00fctzung hilft &#8230;!\"}]},{\"@type\":\"WebSite\",\"@id\":\"https:\\\/\\\/ben-hilft.eu\\\/#website\",\"url\":\"https:\\\/\\\/ben-hilft.eu\\\/\",\"name\":\"Startseite - \u00bb Ben hilft \u2026! e.V.\u00ab\",\"description\":\"Denn: Nur helfen hilft!\",\"publisher\":{\"@id\":\"https:\\\/\\\/ben-hilft.eu\\\/#organization\"},\"potentialAction\":[{\"@type\":\"SearchAction\",\"target\":{\"@type\":\"EntryPoint\",\"urlTemplate\":\"https:\\\/\\\/ben-hilft.eu\\\/?s={search_term_string}\"},\"query-input\":{\"@type\":\"PropertyValueSpecification\",\"valueRequired\":true,\"valueName\":\"search_term_string\"}}],\"inLanguage\":\"en-GB\"},{\"@type\":\"Organization\",\"@id\":\"https:\\\/\\\/ben-hilft.eu\\\/#organization\",\"name\":\"Ben hilft \u2026!\",\"url\":\"https:\\\/\\\/ben-hilft.eu\\\/\",\"logo\":{\"@type\":\"ImageObject\",\"inLanguage\":\"en-GB\",\"@id\":\"https:\\\/\\\/ben-hilft.eu\\\/#\\\/schema\\\/logo\\\/image\\\/\",\"url\":\"https:\\\/\\\/ben-hilft.eu\\\/wp-content\\\/uploads\\\/2022\\\/06\\\/Ben_hilft_logo-1024x302.png\",\"contentUrl\":\"https:\\\/\\\/ben-hilft.eu\\\/wp-content\\\/uploads\\\/2022\\\/06\\\/Ben_hilft_logo-1024x302.png\",\"width\":1024,\"height\":302,\"caption\":\"Ben hilft \u2026!\"},\"image\":{\"@id\":\"https:\\\/\\\/ben-hilft.eu\\\/#\\\/schema\\\/logo\\\/image\\\/\"},\"sameAs\":[\"https:\\\/\\\/www.facebook.com\\\/groups\\\/1984915878386164\\\/\",\"https:\\\/\\\/x.com\\\/ben_hilft\"]}]}<\/script>\n<!-- \/ Yoast SEO plugin. -->","yoast_head_json":{"title":"Deine Unterst\u00fctzung hilft ...! - Startseite - \u00bb Ben hilft \u2026! e.V.\u00ab","robots":{"index":"index","follow":"follow","max-snippet":"max-snippet:-1","max-image-preview":"max-image-preview:large","max-video-preview":"max-video-preview:-1"},"canonical":"https:\/\/ben-hilft.eu\/en\/unterstuetze_mich\/","og_locale":"en_GB","og_type":"article","og_title":"Deine Unterst\u00fctzung hilft ...! - Startseite - \u00bb Ben hilft \u2026! e.V.\u00ab","og_description":"Am 24. Februar 2022 ver\u00e4nderte sich die Welt. Menschen haben, soweit noch m\u00f6glich, das n\u00f6tigste gepackt und fliehen aus der Ukraine. Wir haben eine humanit\u00e4ren Katastrophe mitten in Europa. In k\u00fcrzester Zeit haben \u00fcber zwei Millionen Fl\u00fcchtlinge die internationalen Grenzen \u00fcberschritten und suchen Schutz in Nachbarl\u00e4ndern. Teilweise mussten Menschen ihre [&hellip;]","og_url":"https:\/\/ben-hilft.eu\/en\/unterstuetze_mich\/","og_site_name":"Startseite - \u00bb Ben hilft \u2026! e.V.\u00ab","article_publisher":"https:\/\/www.facebook.com\/groups\/1984915878386164\/","article_modified_time":"2022-10-22T09:41:17+00:00","og_image":[{"width":2048,"height":890,"url":"https:\/\/ben-hilft.eu\/wp-content\/uploads\/2022\/05\/b5f87b66-db7e-4ac8-9695-cf11e9af7706-e1653664034310.jpg","type":"image\/jpeg"}],"twitter_card":"summary_large_image","twitter_site":"@ben_hilft","twitter_misc":{"Estimated reading time":"2 minutes"},"schema":{"@context":"https:\/\/schema.org","@graph":[{"@type":"WebPage","@id":"https:\/\/ben-hilft.eu\/unterstuetze_mich","url":"https:\/\/ben-hilft.eu\/unterstuetze_mich","name":"Deine Unterst\u00fctzung hilft ...! - Startseite - \u00bb Ben hilft \u2026! e.V.\u00ab","isPartOf":{"@id":"https:\/\/ben-hilft.eu\/#website"},"primaryImageOfPage":{"@id":"https:\/\/ben-hilft.eu\/unterstuetze_mich#primaryimage"},"image":{"@id":"https:\/\/ben-hilft.eu\/unterstuetze_mich#primaryimage"},"thumbnailUrl":"https:\/\/ben-hilft.eu\/wp-content\/uploads\/2022\/05\/b5f87b66-db7e-4ac8-9695-cf11e9af7706-e1653664034310.jpg","datePublished":"2022-05-27T13:16:02+00:00","dateModified":"2022-10-22T09:41:17+00:00","breadcrumb":{"@id":"https:\/\/ben-hilft.eu\/unterstuetze_mich#breadcrumb"},"inLanguage":"en-GB","potentialAction":[{"@type":"ReadAction","target":["https:\/\/ben-hilft.eu\/unterstuetze_mich"]}]},{"@type":"ImageObject","inLanguage":"en-GB","@id":"https:\/\/ben-hilft.eu\/unterstuetze_mich#primaryimage","url":"https:\/\/ben-hilft.eu\/wp-content\/uploads\/2022\/05\/b5f87b66-db7e-4ac8-9695-cf11e9af7706-e1653664034310.jpg","contentUrl":"https:\/\/ben-hilft.eu\/wp-content\/uploads\/2022\/05\/b5f87b66-db7e-4ac8-9695-cf11e9af7706-e1653664034310.jpg","width":2048,"height":890},{"@type":"BreadcrumbList","@id":"https:\/\/ben-hilft.eu\/unterstuetze_mich#breadcrumb","itemListElement":[{"@type":"ListItem","position":1,"name":"Startseite","item":"http:\/\/ben-hilft.eu\/en\/"},{"@type":"ListItem","position":2,"name":"Deine Unterst\u00fctzung hilft &#8230;!"}]},{"@type":"WebSite","@id":"https:\/\/ben-hilft.eu\/#website","url":"https:\/\/ben-hilft.eu\/","name":"Homepage - \" Ben hilft ...! e.V.\"","description":"Because: Only helping helps!","publisher":{"@id":"https:\/\/ben-hilft.eu\/#organization"},"potentialAction":[{"@type":"SearchAction","target":{"@type":"EntryPoint","urlTemplate":"https:\/\/ben-hilft.eu\/?s={search_term_string}"},"query-input":{"@type":"PropertyValueSpecification","valueRequired":true,"valueName":"search_term_string"}}],"inLanguage":"en-GB"},{"@type":"Organization","@id":"https:\/\/ben-hilft.eu\/#organization","name":"Ben hilft \u2026!","url":"https:\/\/ben-hilft.eu\/","logo":{"@type":"ImageObject","inLanguage":"en-GB","@id":"https:\/\/ben-hilft.eu\/#\/schema\/logo\/image\/","url":"https:\/\/ben-hilft.eu\/wp-content\/uploads\/2022\/06\/Ben_hilft_logo-1024x302.png","contentUrl":"https:\/\/ben-hilft.eu\/wp-content\/uploads\/2022\/06\/Ben_hilft_logo-1024x302.png","width":1024,"height":302,"caption":"Ben hilft \u2026!"},"image":{"@id":"https:\/\/ben-hilft.eu\/#\/schema\/logo\/image\/"},"sameAs":["https:\/\/www.facebook.com\/groups\/1984915878386164\/","https:\/\/x.com\/ben_hilft"]}]}},"_links":{"self":[{"href":"https:\/\/ben-hilft.eu\/en\/wp-json\/wp\/v2\/pages\/41","targetHints":{"allow":["GET"]}}],"collection":[{"href":"https:\/\/ben-hilft.eu\/en\/wp-json\/wp\/v2\/pages"}],"about":[{"href":"https:\/\/ben-hilft.eu\/en\/wp-json\/wp\/v2\/types\/page"}],"author":[{"embeddable":true,"href":"https:\/\/ben-hilft.eu\/en\/wp-json\/wp\/v2\/users\/2"}],"replies":[{"embeddable":true,"href":"https:\/\/ben-hilft.eu\/en\/wp-json\/wp\/v2\/comments?post=41"}],"version-history":[{"count":32,"href":"https:\/\/ben-hilft.eu\/en\/wp-json\/wp\/v2\/pages\/41\/revisions"}],"predecessor-version":[{"id":715,"href":"https:\/\/ben-hilft.eu\/en\/wp-json\/wp\/v2\/pages\/41\/revisions\/715"}],"wp:featuredmedia":[{"embeddable":true,"href":"https:\/\/ben-hilft.eu\/en\/wp-json\/wp\/v2\/media\/67"}],"wp:attachment":[{"href":"https:\/\/ben-hilft.eu\/en\/wp-json\/wp\/v2\/media?parent=41"}],"curies":[{"name":"wp","href":"https:\/\/api.w.org\/{rel}","templated":true}]}}