{"id":413,"date":"2022-07-06T15:33:06","date_gmt":"2022-07-06T13:33:06","guid":{"rendered":"https:\/\/ben-hilft.eu\/?page_id=413"},"modified":"2022-07-06T18:32:43","modified_gmt":"2022-07-06T16:32:43","slug":"partner","status":"publish","type":"page","link":"https:\/\/ben-hilft.eu\/en\/partner","title":{"rendered":"Our partners"},"content":{"rendered":"<div class=\"wp-block-columns is-layout-flex wp-container-core-columns-is-layout-9d6595d7 wp-block-columns-is-layout-flex\">\n<div class=\"wp-block-column is-layout-flow wp-block-column-is-layout-flow\" style=\"flex-basis:66.66%\">\n<p>Alone you can achieve a lot, but together we can move mountains. That is why it is so important for me to have reliable partners around me. I would like to introduce them briefly here.<\/p>\n\n\n\n<p><strong>War Animal Care International (WACI)<\/strong><\/p>\n\n\n\n<p>An organisation started to help animals in Ukraine easily and quickly. John and his team have set up a warehouse in Przemy\u015bl (Poland), which is open 24\/7 to accept and distribute donations (food, blankets, etc.). Every helper can participate here and will certainly get a hot coffee ;o).<\/p>\n\n\n\n<p><a href=\"https:\/\/www.gofundme.com\/f\/war-animal-care-international?utm_campaign=p_cp+share-sheet&amp;utm_medium=copy_link_all&amp;utm_source=customer\" target=\"_blank\" rel=\"noreferrer noopener\">Supports WACI via gofundme<\/a><\/p>\n<\/div>\n\n\n\n<div class=\"wp-block-column is-layout-flow wp-block-column-is-layout-flow\" style=\"flex-basis:33.33%\">\n<figure class=\"wp-block-image size-full\"><img loading=\"lazy\" decoding=\"async\" width=\"500\" height=\"500\" src=\"https:\/\/ben-hilft.eu\/wp-content\/uploads\/2022\/07\/WACI_logo.jpeg\" alt=\"\" class=\"wp-image-418\" srcset=\"https:\/\/ben-hilft.eu\/wp-content\/uploads\/2022\/07\/WACI_logo.jpeg 500w, https:\/\/ben-hilft.eu\/wp-content\/uploads\/2022\/07\/WACI_logo-300x300.jpeg 300w, https:\/\/ben-hilft.eu\/wp-content\/uploads\/2022\/07\/WACI_logo-150x150.jpeg 150w\" sizes=\"auto, (max-width: 500px) 100vw, 500px\" \/><\/figure>\n<\/div>\n<\/div>\n\n\n\n<div class=\"wp-block-columns is-layout-flex wp-container-core-columns-is-layout-9d6595d7 wp-block-columns-is-layout-flex\">\n<div class=\"wp-block-column is-layout-flow wp-block-column-is-layout-flow\" style=\"flex-basis:33.33%\">\n<figure class=\"wp-block-image size-full\"><img loading=\"lazy\" decoding=\"async\" width=\"450\" height=\"277\" src=\"https:\/\/ben-hilft.eu\/wp-content\/uploads\/2022\/06\/Logo_Final_eV-450x277-1.png\" alt=\"\" class=\"wp-image-293\" srcset=\"https:\/\/ben-hilft.eu\/wp-content\/uploads\/2022\/06\/Logo_Final_eV-450x277-1.png 450w, https:\/\/ben-hilft.eu\/wp-content\/uploads\/2022\/06\/Logo_Final_eV-450x277-1-300x185.png 300w\" sizes=\"auto, (max-width: 450px) 100vw, 450px\" \/><\/figure>\n<\/div>\n\n\n\n<div class=\"wp-block-column is-layout-flow wp-block-column-is-layout-flow\" style=\"flex-basis:66.66%\">\n<p><strong>Heimatstern e.V.<\/strong><\/p>\n\n\n\n<p>A Munich-based association, recognised as a non-profit organisation since 2016, supports people in need. Regardless of origin, religion or gender. Together with YOU!  Thanks to their completely voluntary work, all donations entrusted to you go entirely to aid projects.<\/p>\n\n\n\n<p><a href=\"https:\/\/www.heimatstern.org\/\" target=\"_blank\" rel=\"noreferrer noopener\">More about the organisation at https:\/\/www.heimatstern.org\/<\/a><\/p>\n<\/div>\n<\/div>\n\n\n\n<div class=\"wp-block-columns is-layout-flex wp-container-core-columns-is-layout-9d6595d7 wp-block-columns-is-layout-flex\">\n<div class=\"wp-block-column is-layout-flow wp-block-column-is-layout-flow\" style=\"flex-basis:66.66%\">\n<p><strong>DomivkaDVT Ukraine<\/strong><\/p>\n\n\n\n<p>The Domivka Wildlife Sanctuary helps in an uncomplicated and quick way. In addition to some wild animals from the bombed zoo in Kharkiv, you have also created space for dogs and cats that need a safe place to stay. They also provide a warehouse for volunteers to exchange goods.<\/p>\n\n\n\n<p><a rel=\"noreferrer noopener\" href=\"https:\/\/www.facebook.com\/DomivkaDVT\" target=\"_blank\">More about DomivkaDVT on Facebook<\/a><\/p>\n<\/div>\n\n\n\n<div class=\"wp-block-column is-layout-flow wp-block-column-is-layout-flow\" style=\"flex-basis:33.33%\">\n<figure class=\"wp-block-image size-large\"><img loading=\"lazy\" decoding=\"async\" width=\"1024\" height=\"1008\" src=\"https:\/\/ben-hilft.eu\/wp-content\/uploads\/2022\/06\/IMG_1006-1024x1008.png\" alt=\"\" class=\"wp-image-338\" srcset=\"https:\/\/ben-hilft.eu\/wp-content\/uploads\/2022\/06\/IMG_1006-1024x1008.png 1024w, https:\/\/ben-hilft.eu\/wp-content\/uploads\/2022\/06\/IMG_1006-300x295.png 300w, https:\/\/ben-hilft.eu\/wp-content\/uploads\/2022\/06\/IMG_1006-768x756.png 768w, https:\/\/ben-hilft.eu\/wp-content\/uploads\/2022\/06\/IMG_1006.png 1170w\" sizes=\"auto, (max-width: 1024px) 100vw, 1024px\" \/><\/figure>\n<\/div>\n<\/div>\n\n\n\n<div class=\"wp-block-columns is-layout-flex wp-container-core-columns-is-layout-9d6595d7 wp-block-columns-is-layout-flex\">\n<div class=\"wp-block-column is-layout-flow wp-block-column-is-layout-flow\" style=\"flex-basis:33.33%\">\n<figure class=\"wp-block-image size-full\"><img loading=\"lazy\" decoding=\"async\" width=\"960\" height=\"960\" src=\"https:\/\/ben-hilft.eu\/wp-content\/uploads\/2022\/07\/Tierengel_Burak.jpeg\" alt=\"\" class=\"wp-image-419\" srcset=\"https:\/\/ben-hilft.eu\/wp-content\/uploads\/2022\/07\/Tierengel_Burak.jpeg 960w, https:\/\/ben-hilft.eu\/wp-content\/uploads\/2022\/07\/Tierengel_Burak-300x300.jpeg 300w, https:\/\/ben-hilft.eu\/wp-content\/uploads\/2022\/07\/Tierengel_Burak-150x150.jpeg 150w, https:\/\/ben-hilft.eu\/wp-content\/uploads\/2022\/07\/Tierengel_Burak-768x768.jpeg 768w\" sizes=\"auto, (max-width: 960px) 100vw, 960px\" \/><\/figure>\n<\/div>\n\n\n\n<div class=\"wp-block-column is-layout-flow wp-block-column-is-layout-flow\" style=\"flex-basis:66.66%\">\n<p><strong>Animal Gel Burak e.V.<\/strong><\/p>\n\n\n\n<p>The team of Tierengel Burak e.V. around its chairperson Sevil does not look away when animals are in need. She sacrificially cares for the needy, the sick, abandoned dogs and cats. <\/p>\n\n\n\n<p><a href=\"https:\/\/www.facebook.com\/Tierengel.burak\/\" data-type=\"URL\" data-id=\"https:\/\/www.facebook.com\/Tierengel.burak\/\">More <\/a><a href=\"https:\/\/www.facebook.com\/Tierengel.burak\/\" data-type=\"URL\" data-id=\"https:\/\/www.facebook.com\/Tierengel.burak\/\" target=\"_blank\" rel=\"noreferrer noopener\">to<\/a><a href=\"https:\/\/www.facebook.com\/Tierengel.burak\/\" data-type=\"URL\" data-id=\"https:\/\/www.facebook.com\/Tierengel.burak\/\"> Organisation on Facebook<\/a><\/p>\n<\/div>\n<\/div>","protected":false},"excerpt":{"rendered":"<p>Alleine kann man einiges erreichen, gemeinsam jedoch k\u00f6nnen wir Berge versetzen. Daher ist es mir so wichtig, zuverl\u00e4ssige Partner um mich herum zu haben. Diese m\u00f6chte ich gerne hier kurz vorstellen. War Animal Care International (WACI) Eine Organisation, gestartet um Tieren in der Ukraine unkompliziert und schnell helfen zu k\u00f6nnen. [&hellip;]<\/p>\n","protected":false},"author":2,"featured_media":416,"parent":0,"menu_order":0,"comment_status":"closed","ping_status":"closed","template":"","meta":{"ngg_post_thumbnail":0,"footnotes":""},"class_list":["post-413","page","type-page","status-publish","has-post-thumbnail","hentry"],"yoast_head":"<!-- This site is optimized with the Yoast SEO plugin v27.4 - https:\/\/yoast.com\/product\/yoast-seo-wordpress\/ -->\n<title>Unsere Partner - Startseite - \u00bb Ben hilft \u2026! e.V.\u00ab<\/title>\n<meta name=\"robots\" content=\"index, follow, max-snippet:-1, max-image-preview:large, max-video-preview:-1\" \/>\n<link rel=\"canonical\" href=\"https:\/\/ben-hilft.eu\/en\/partner\/\" \/>\n<meta property=\"og:locale\" content=\"en_GB\" \/>\n<meta property=\"og:type\" content=\"article\" \/>\n<meta property=\"og:title\" content=\"Unsere Partner - Startseite - \u00bb Ben hilft \u2026! e.V.\u00ab\" \/>\n<meta property=\"og:description\" content=\"Alleine kann man einiges erreichen, gemeinsam jedoch k\u00f6nnen wir Berge versetzen. Daher ist es mir so wichtig, zuverl\u00e4ssige Partner um mich herum zu haben. Diese m\u00f6chte ich gerne hier kurz vorstellen. War Animal Care International (WACI) Eine Organisation, gestartet um Tieren in der Ukraine unkompliziert und schnell helfen zu k\u00f6nnen. [&hellip;]\" \/>\n<meta property=\"og:url\" content=\"https:\/\/ben-hilft.eu\/en\/partner\/\" \/>\n<meta property=\"og:site_name\" content=\"Startseite - \u00bb Ben hilft \u2026! e.V.\u00ab\" \/>\n<meta property=\"article:publisher\" content=\"https:\/\/www.facebook.com\/groups\/1984915878386164\/\" \/>\n<meta property=\"article:modified_time\" content=\"2022-07-06T16:32:43+00:00\" \/>\n<meta property=\"og:image\" content=\"https:\/\/ben-hilft.eu\/wp-content\/uploads\/2022\/07\/partnership-scaled-e1657114723635.jpg\" \/>\n\t<meta property=\"og:image:width\" content=\"2560\" \/>\n\t<meta property=\"og:image:height\" content=\"1017\" \/>\n\t<meta property=\"og:image:type\" content=\"image\/jpeg\" \/>\n<meta name=\"twitter:card\" content=\"summary_large_image\" \/>\n<meta name=\"twitter:site\" content=\"@ben_hilft\" \/>\n<meta name=\"twitter:label1\" content=\"Estimated reading time\" \/>\n\t<meta name=\"twitter:data1\" content=\"1 minute\" \/>\n<script type=\"application\/ld+json\" class=\"yoast-schema-graph\">{\"@context\":\"https:\\\/\\\/schema.org\",\"@graph\":[{\"@type\":\"WebPage\",\"@id\":\"https:\\\/\\\/ben-hilft.eu\\\/partner\",\"url\":\"https:\\\/\\\/ben-hilft.eu\\\/partner\",\"name\":\"Unsere Partner - Startseite - \u00bb Ben hilft \u2026! e.V.\u00ab\",\"isPartOf\":{\"@id\":\"https:\\\/\\\/ben-hilft.eu\\\/#website\"},\"primaryImageOfPage\":{\"@id\":\"https:\\\/\\\/ben-hilft.eu\\\/partner#primaryimage\"},\"image\":{\"@id\":\"https:\\\/\\\/ben-hilft.eu\\\/partner#primaryimage\"},\"thumbnailUrl\":\"https:\\\/\\\/ben-hilft.eu\\\/wp-content\\\/uploads\\\/2022\\\/07\\\/partnership-scaled-e1657114723635.jpg\",\"datePublished\":\"2022-07-06T13:33:06+00:00\",\"dateModified\":\"2022-07-06T16:32:43+00:00\",\"breadcrumb\":{\"@id\":\"https:\\\/\\\/ben-hilft.eu\\\/partner#breadcrumb\"},\"inLanguage\":\"en-GB\",\"potentialAction\":[{\"@type\":\"ReadAction\",\"target\":[\"https:\\\/\\\/ben-hilft.eu\\\/partner\"]}]},{\"@type\":\"ImageObject\",\"inLanguage\":\"en-GB\",\"@id\":\"https:\\\/\\\/ben-hilft.eu\\\/partner#primaryimage\",\"url\":\"https:\\\/\\\/ben-hilft.eu\\\/wp-content\\\/uploads\\\/2022\\\/07\\\/partnership-scaled-e1657114723635.jpg\",\"contentUrl\":\"https:\\\/\\\/ben-hilft.eu\\\/wp-content\\\/uploads\\\/2022\\\/07\\\/partnership-scaled-e1657114723635.jpg\",\"width\":2560,\"height\":1017},{\"@type\":\"BreadcrumbList\",\"@id\":\"https:\\\/\\\/ben-hilft.eu\\\/partner#breadcrumb\",\"itemListElement\":[{\"@type\":\"ListItem\",\"position\":1,\"name\":\"Startseite\",\"item\":\"http:\\\/\\\/ben-hilft.eu\\\/en\\\/\"},{\"@type\":\"ListItem\",\"position\":2,\"name\":\"Unsere Partner\"}]},{\"@type\":\"WebSite\",\"@id\":\"https:\\\/\\\/ben-hilft.eu\\\/#website\",\"url\":\"https:\\\/\\\/ben-hilft.eu\\\/\",\"name\":\"Startseite - \u00bb Ben hilft \u2026! e.V.\u00ab\",\"description\":\"Denn: Nur helfen hilft!\",\"publisher\":{\"@id\":\"https:\\\/\\\/ben-hilft.eu\\\/#organization\"},\"potentialAction\":[{\"@type\":\"SearchAction\",\"target\":{\"@type\":\"EntryPoint\",\"urlTemplate\":\"https:\\\/\\\/ben-hilft.eu\\\/?s={search_term_string}\"},\"query-input\":{\"@type\":\"PropertyValueSpecification\",\"valueRequired\":true,\"valueName\":\"search_term_string\"}}],\"inLanguage\":\"en-GB\"},{\"@type\":\"Organization\",\"@id\":\"https:\\\/\\\/ben-hilft.eu\\\/#organization\",\"name\":\"Ben hilft \u2026!\",\"url\":\"https:\\\/\\\/ben-hilft.eu\\\/\",\"logo\":{\"@type\":\"ImageObject\",\"inLanguage\":\"en-GB\",\"@id\":\"https:\\\/\\\/ben-hilft.eu\\\/#\\\/schema\\\/logo\\\/image\\\/\",\"url\":\"https:\\\/\\\/ben-hilft.eu\\\/wp-content\\\/uploads\\\/2022\\\/06\\\/Ben_hilft_logo-1024x302.png\",\"contentUrl\":\"https:\\\/\\\/ben-hilft.eu\\\/wp-content\\\/uploads\\\/2022\\\/06\\\/Ben_hilft_logo-1024x302.png\",\"width\":1024,\"height\":302,\"caption\":\"Ben hilft \u2026!\"},\"image\":{\"@id\":\"https:\\\/\\\/ben-hilft.eu\\\/#\\\/schema\\\/logo\\\/image\\\/\"},\"sameAs\":[\"https:\\\/\\\/www.facebook.com\\\/groups\\\/1984915878386164\\\/\",\"https:\\\/\\\/x.com\\\/ben_hilft\"]}]}<\/script>\n<!-- \/ Yoast SEO plugin. -->","yoast_head_json":{"title":"Unsere Partner - Startseite - \u00bb Ben hilft \u2026! e.V.\u00ab","robots":{"index":"index","follow":"follow","max-snippet":"max-snippet:-1","max-image-preview":"max-image-preview:large","max-video-preview":"max-video-preview:-1"},"canonical":"https:\/\/ben-hilft.eu\/en\/partner\/","og_locale":"en_GB","og_type":"article","og_title":"Unsere Partner - Startseite - \u00bb Ben hilft \u2026! e.V.\u00ab","og_description":"Alleine kann man einiges erreichen, gemeinsam jedoch k\u00f6nnen wir Berge versetzen. Daher ist es mir so wichtig, zuverl\u00e4ssige Partner um mich herum zu haben. Diese m\u00f6chte ich gerne hier kurz vorstellen. War Animal Care International (WACI) Eine Organisation, gestartet um Tieren in der Ukraine unkompliziert und schnell helfen zu k\u00f6nnen. [&hellip;]","og_url":"https:\/\/ben-hilft.eu\/en\/partner\/","og_site_name":"Startseite - \u00bb Ben hilft \u2026! e.V.\u00ab","article_publisher":"https:\/\/www.facebook.com\/groups\/1984915878386164\/","article_modified_time":"2022-07-06T16:32:43+00:00","og_image":[{"width":2560,"height":1017,"url":"https:\/\/ben-hilft.eu\/wp-content\/uploads\/2022\/07\/partnership-scaled-e1657114723635.jpg","type":"image\/jpeg"}],"twitter_card":"summary_large_image","twitter_site":"@ben_hilft","twitter_misc":{"Estimated reading time":"1 minute"},"schema":{"@context":"https:\/\/schema.org","@graph":[{"@type":"WebPage","@id":"https:\/\/ben-hilft.eu\/partner","url":"https:\/\/ben-hilft.eu\/partner","name":"Unsere Partner - Startseite - \u00bb Ben hilft \u2026! e.V.\u00ab","isPartOf":{"@id":"https:\/\/ben-hilft.eu\/#website"},"primaryImageOfPage":{"@id":"https:\/\/ben-hilft.eu\/partner#primaryimage"},"image":{"@id":"https:\/\/ben-hilft.eu\/partner#primaryimage"},"thumbnailUrl":"https:\/\/ben-hilft.eu\/wp-content\/uploads\/2022\/07\/partnership-scaled-e1657114723635.jpg","datePublished":"2022-07-06T13:33:06+00:00","dateModified":"2022-07-06T16:32:43+00:00","breadcrumb":{"@id":"https:\/\/ben-hilft.eu\/partner#breadcrumb"},"inLanguage":"en-GB","potentialAction":[{"@type":"ReadAction","target":["https:\/\/ben-hilft.eu\/partner"]}]},{"@type":"ImageObject","inLanguage":"en-GB","@id":"https:\/\/ben-hilft.eu\/partner#primaryimage","url":"https:\/\/ben-hilft.eu\/wp-content\/uploads\/2022\/07\/partnership-scaled-e1657114723635.jpg","contentUrl":"https:\/\/ben-hilft.eu\/wp-content\/uploads\/2022\/07\/partnership-scaled-e1657114723635.jpg","width":2560,"height":1017},{"@type":"BreadcrumbList","@id":"https:\/\/ben-hilft.eu\/partner#breadcrumb","itemListElement":[{"@type":"ListItem","position":1,"name":"Startseite","item":"http:\/\/ben-hilft.eu\/en\/"},{"@type":"ListItem","position":2,"name":"Unsere Partner"}]},{"@type":"WebSite","@id":"https:\/\/ben-hilft.eu\/#website","url":"https:\/\/ben-hilft.eu\/","name":"Homepage - \" Ben hilft ...! e.V.\"","description":"Because: Only helping helps!","publisher":{"@id":"https:\/\/ben-hilft.eu\/#organization"},"potentialAction":[{"@type":"SearchAction","target":{"@type":"EntryPoint","urlTemplate":"https:\/\/ben-hilft.eu\/?s={search_term_string}"},"query-input":{"@type":"PropertyValueSpecification","valueRequired":true,"valueName":"search_term_string"}}],"inLanguage":"en-GB"},{"@type":"Organization","@id":"https:\/\/ben-hilft.eu\/#organization","name":"Ben hilft \u2026!","url":"https:\/\/ben-hilft.eu\/","logo":{"@type":"ImageObject","inLanguage":"en-GB","@id":"https:\/\/ben-hilft.eu\/#\/schema\/logo\/image\/","url":"https:\/\/ben-hilft.eu\/wp-content\/uploads\/2022\/06\/Ben_hilft_logo-1024x302.png","contentUrl":"https:\/\/ben-hilft.eu\/wp-content\/uploads\/2022\/06\/Ben_hilft_logo-1024x302.png","width":1024,"height":302,"caption":"Ben hilft \u2026!"},"image":{"@id":"https:\/\/ben-hilft.eu\/#\/schema\/logo\/image\/"},"sameAs":["https:\/\/www.facebook.com\/groups\/1984915878386164\/","https:\/\/x.com\/ben_hilft"]}]}},"_links":{"self":[{"href":"https:\/\/ben-hilft.eu\/en\/wp-json\/wp\/v2\/pages\/413","targetHints":{"allow":["GET"]}}],"collection":[{"href":"https:\/\/ben-hilft.eu\/en\/wp-json\/wp\/v2\/pages"}],"about":[{"href":"https:\/\/ben-hilft.eu\/en\/wp-json\/wp\/v2\/types\/page"}],"author":[{"embeddable":true,"href":"https:\/\/ben-hilft.eu\/en\/wp-json\/wp\/v2\/users\/2"}],"replies":[{"embeddable":true,"href":"https:\/\/ben-hilft.eu\/en\/wp-json\/wp\/v2\/comments?post=413"}],"version-history":[{"count":4,"href":"https:\/\/ben-hilft.eu\/en\/wp-json\/wp\/v2\/pages\/413\/revisions"}],"predecessor-version":[{"id":430,"href":"https:\/\/ben-hilft.eu\/en\/wp-json\/wp\/v2\/pages\/413\/revisions\/430"}],"wp:featuredmedia":[{"embeddable":true,"href":"https:\/\/ben-hilft.eu\/en\/wp-json\/wp\/v2\/media\/416"}],"wp:attachment":[{"href":"https:\/\/ben-hilft.eu\/en\/wp-json\/wp\/v2\/media?parent=413"}],"curies":[{"name":"wp","href":"https:\/\/api.w.org\/{rel}","templated":true}]}}