{"id":582,"date":"2022-07-20T19:19:29","date_gmt":"2022-07-20T17:19:29","guid":{"rendered":"https:\/\/ben-hilft.eu\/?page_id=582"},"modified":"2022-09-05T21:36:55","modified_gmt":"2022-09-05T19:36:55","slug":"der-verein","status":"publish","type":"page","link":"https:\/\/ben-hilft.eu\/en\/der-verein","title":{"rendered":"The association"},"content":{"rendered":"<p>It is done, since 30.08.2022 Ben hilft ...! may be supplemented by the abbreviation 'e.V.'. The association is officially registered. The next step is the confirmation of the non-profit status by the tax office. Stay tuned, we will keep you informed.<\/p>\n\n\n\n<div class=\"wp-block-columns is-layout-flex wp-container-core-columns-is-layout-9d6595d7 wp-block-columns-is-layout-flex\">\n<div class=\"wp-block-column is-layout-flow wp-block-column-is-layout-flow\" style=\"flex-basis:66.66%\">\n<h2 class=\"wp-block-heading\">Our emergence<\/h2>\n\n\n\n<p>With Putin's attack on Ukraine, the world changed on 24 February 2022. As far as possible, people have packed their belongings and left Ukraine, or are still on their way. In a very short time, millions of refugees have crossed international borders and are seeking protection in neighbouring countries. <\/p>\n\n\n\n<p>It was immediately clear to us that we could not just stand by and watch, but had to use our strengths and help. Initially, many of the founding members got involved in a voluntary Ukrainian aid organisation together.<\/p>\n<\/div>\n\n\n\n<div class=\"wp-block-column is-layout-flow wp-block-column-is-layout-flow\" style=\"flex-basis:33.33%\">\n<figure class=\"wp-block-image size-full\"><img loading=\"lazy\" decoding=\"async\" width=\"512\" height=\"512\" src=\"https:\/\/ben-hilft.eu\/wp-content\/uploads\/2022\/07\/Ben_hilft_512.png\" alt=\"\" class=\"wp-image-605\" srcset=\"https:\/\/ben-hilft.eu\/wp-content\/uploads\/2022\/07\/Ben_hilft_512.png 512w, https:\/\/ben-hilft.eu\/wp-content\/uploads\/2022\/07\/Ben_hilft_512-300x300.png 300w, https:\/\/ben-hilft.eu\/wp-content\/uploads\/2022\/07\/Ben_hilft_512-150x150.png 150w, https:\/\/ben-hilft.eu\/wp-content\/uploads\/2022\/07\/Ben_hilft_512-12x12.png 12w\" sizes=\"auto, (max-width: 512px) 100vw, 512px\" \/><figcaption>A variation of our logo.<\/figcaption><\/figure>\n<\/div>\n<\/div>\n\n\n\n<p>During our work together, we realised that besides helping people, there are also animals that need support. Sometimes people had to leave their beloved animals behind when they fled or are no longer able to care for their animals themselves. <\/p>\n\n\n\n<p>With this in mind, we have set ourselves the goal of helping - \" Ben hilft ...! e.V.\" stands for helping where help is needed.<\/p>\n\n\n\n<h2 class=\"wp-block-heading\">Our focus is on animals &amp; people<\/h2>\n\n\n\n<p>\"Ben hilft ...! e.V.\" has set itself the goal of helping animals and humans. This takes place through food donations, of course, but also in the medical field. When we help animals, we usually also help people. Because dogs and cats have been a companion of humans for a very long time. There is a very close relationship and often people take care of their animal rather than themselves. If we alleviate the care for the animal, the human being can also concentrate more on himself again. Thus, every animal donation is also a direct help for the person behind it.<\/p>\n\n\n\n<h2 class=\"wp-block-heading\">Who we help<\/h2>\n\n\n\n<div class=\"wp-block-columns is-layout-flex wp-container-core-columns-is-layout-9d6595d7 wp-block-columns-is-layout-flex\">\n<div class=\"wp-block-column is-layout-flow wp-block-column-is-layout-flow\" style=\"flex-basis:66.66%\">\n<p>Our offer of help is varied and in a state of flux. Ben hilft ...! e.V.\" does not have a standard procedure, but always depends on the situation. Primarily, we collect donations in the form of money and\/or food and take them to where help is urgently needed. At the moment, the focus is certainly on Ukraine, but this should not remain limited in the long run. We want to help where help is needed.<\/p>\n\n\n\n<p>In addition, we use our contacts to, for example, find animals in need or organise temporary accommodation for you. This also takes place regionally, so we certainly know the difficult housing situation in Bavaria and the challenge of finding living space with permission to keep animals.<\/p>\n<\/div>\n\n\n\n<div class=\"wp-block-column is-layout-flow wp-block-column-is-layout-flow\" style=\"flex-basis:33.33%\">\n<figure class=\"wp-block-image size-large\"><img loading=\"lazy\" decoding=\"async\" width=\"768\" height=\"1024\" src=\"https:\/\/ben-hilft.eu\/wp-content\/uploads\/2022\/06\/7720f131-31bb-4305-bacf-8a636cb24a0e-768x1024.jpeg\" alt=\"\" class=\"wp-image-294\" srcset=\"https:\/\/ben-hilft.eu\/wp-content\/uploads\/2022\/06\/7720f131-31bb-4305-bacf-8a636cb24a0e-768x1024.jpeg 768w, https:\/\/ben-hilft.eu\/wp-content\/uploads\/2022\/06\/7720f131-31bb-4305-bacf-8a636cb24a0e-225x300.jpeg 225w, https:\/\/ben-hilft.eu\/wp-content\/uploads\/2022\/06\/7720f131-31bb-4305-bacf-8a636cb24a0e-1152x1536.jpeg 1152w, https:\/\/ben-hilft.eu\/wp-content\/uploads\/2022\/06\/7720f131-31bb-4305-bacf-8a636cb24a0e.jpeg 1536w\" sizes=\"auto, (max-width: 768px) 100vw, 768px\" \/><figcaption>Ben loading food donations.<\/figcaption><\/figure>\n<\/div>\n<\/div>\n\n\n\n<p>In addition, there are always questions to be answered, even in the official jungle. For example: <\/p>\n\n\n\n<ul class=\"wp-block-list\"><li>How can you register a dog in Munich if you only speak Ukrainian?<\/li><li>Where can you get help for e.g. food?<\/li><li>Who do I contact if my animal is sick \/ injured?<\/li><li>What rules do I have to follow before my animal is allowed to enter Germany?<\/li><\/ul>\n\n\n\n<p>Here, too, we want to be a competent contact and help.<\/p>\n\n\n\n<h2 class=\"wp-block-heading\">How we work<\/h2>\n\n\n\n<div class=\"wp-block-columns is-layout-flex wp-container-core-columns-is-layout-9d6595d7 wp-block-columns-is-layout-flex\">\n<div class=\"wp-block-column is-layout-flow wp-block-column-is-layout-flow\" style=\"flex-basis:33.33%\">\n<figure class=\"wp-block-image size-large\"><img loading=\"lazy\" decoding=\"async\" width=\"1024\" height=\"768\" src=\"https:\/\/ben-hilft.eu\/wp-content\/uploads\/2022\/07\/IMG_0311-1-1024x768.jpeg\" alt=\"\" class=\"wp-image-475\" srcset=\"https:\/\/ben-hilft.eu\/wp-content\/uploads\/2022\/07\/IMG_0311-1-1024x768.jpeg 1024w, https:\/\/ben-hilft.eu\/wp-content\/uploads\/2022\/07\/IMG_0311-1-300x225.jpeg 300w, https:\/\/ben-hilft.eu\/wp-content\/uploads\/2022\/07\/IMG_0311-1-768x576.jpeg 768w, https:\/\/ben-hilft.eu\/wp-content\/uploads\/2022\/07\/IMG_0311-1-1536x1152.jpeg 1536w, https:\/\/ben-hilft.eu\/wp-content\/uploads\/2022\/07\/IMG_0311-1-2048x1536.jpeg 2048w, https:\/\/ben-hilft.eu\/wp-content\/uploads\/2022\/07\/IMG_0311-1-16x12.jpeg 16w\" sizes=\"auto, (max-width: 1024px) 100vw, 1024px\" \/><figcaption>Ben on his way to check the situation.<\/figcaption><\/figure>\n<\/div>\n\n\n\n<div class=\"wp-block-column is-layout-flow wp-block-column-is-layout-flow\" style=\"flex-basis:66.66%\">\n<p>We work with renowned <a href=\"https:\/\/ben-hilft.eu\/en\/partner\/\">Partners<\/a> together and regularly assure ourselves that our aid reaches where it is really needed. This can be done through photo documentation of the supply chain as well as personal trips. For example, Ben was already in the <a href=\"https:\/\/ben-hilft.eu\/en\/reisebericht-lviv\/\">June once in Lviv<\/a> to get a picture of the situation and the partners on the ground.<\/p>\n<\/div>\n<\/div>\n\n\n\n<h2 class=\"wp-block-heading\">How you can support us<\/h2>\n\n\n\n<p>Feel free to follow us on our blog and share it diligently on your social networks! We depend on the fact that our level of awareness continues to rise. Only together can we achieve great things! And for this we would like to take you with us on our journey and show you that every cent, every can of food, every bit of help goes exactly where it is needed. You have our word on that - thank you very much!<\/p>\n\n\n\n<p>Of course, you can also get involved with \"Ben hilft ...! e.V.\" yourself at any time. The best thing is to speak directly to someone from our team and together we will find out where you can best support us.<\/p>","protected":false},"excerpt":{"rendered":"<p>Es ist vollbracht, seit dem 30.08.2022 darf Ben hilft \u2026! um das K\u00fcrzel \u2018e.V.\u2018 erg\u00e4nzt werden. Der Verein ist offiziell eingetragen. Als n\u00e4chstes steht nich die Best\u00e4tigung der Gemeinn\u00fctzigkeit durch das Finanzamt an. bleibt gespannt, wir halten euch auf dem Laufenden. Unsere Entstehung Mit dem Angriff Putins auf die Ukraine [&hellip;]<\/p>\n","protected":false},"author":2,"featured_media":0,"parent":0,"menu_order":0,"comment_status":"closed","ping_status":"closed","template":"","meta":{"ngg_post_thumbnail":0,"footnotes":""},"class_list":["post-582","page","type-page","status-publish","hentry"],"yoast_head":"<!-- This site is optimized with the Yoast SEO plugin v27.3 - https:\/\/yoast.com\/product\/yoast-seo-wordpress\/ -->\n<title>Der Verein - Startseite - \u00bb Ben hilft \u2026! e.V.\u00ab<\/title>\n<meta name=\"robots\" content=\"index, follow, max-snippet:-1, max-image-preview:large, max-video-preview:-1\" \/>\n<link rel=\"canonical\" href=\"https:\/\/ben-hilft.eu\/en\/der-verein\/\" \/>\n<meta property=\"og:locale\" content=\"en_GB\" \/>\n<meta property=\"og:type\" content=\"article\" \/>\n<meta property=\"og:title\" content=\"Der Verein - Startseite - \u00bb Ben hilft \u2026! e.V.\u00ab\" \/>\n<meta property=\"og:description\" content=\"Es ist vollbracht, seit dem 30.08.2022 darf Ben hilft \u2026! um das K\u00fcrzel \u2018e.V.\u2018 erg\u00e4nzt werden. Der Verein ist offiziell eingetragen. Als n\u00e4chstes steht nich die Best\u00e4tigung der Gemeinn\u00fctzigkeit durch das Finanzamt an. bleibt gespannt, wir halten euch auf dem Laufenden. Unsere Entstehung Mit dem Angriff Putins auf die Ukraine [&hellip;]\" \/>\n<meta property=\"og:url\" content=\"https:\/\/ben-hilft.eu\/en\/der-verein\/\" \/>\n<meta property=\"og:site_name\" content=\"Startseite - \u00bb Ben hilft \u2026! e.V.\u00ab\" \/>\n<meta property=\"article:publisher\" content=\"https:\/\/www.facebook.com\/groups\/1984915878386164\/\" \/>\n<meta property=\"article:modified_time\" content=\"2022-09-05T19:36:55+00:00\" \/>\n<meta property=\"og:image\" content=\"https:\/\/ben-hilft.eu\/wp-content\/uploads\/2022\/07\/Ben_hilft_512.png\" \/>\n<meta name=\"twitter:card\" content=\"summary_large_image\" \/>\n<meta name=\"twitter:site\" content=\"@ben_hilft\" \/>\n<meta name=\"twitter:label1\" content=\"Estimated reading time\" \/>\n\t<meta name=\"twitter:data1\" content=\"5 minutes\" \/>\n<script type=\"application\/ld+json\" class=\"yoast-schema-graph\">{\"@context\":\"https:\\\/\\\/schema.org\",\"@graph\":[{\"@type\":\"WebPage\",\"@id\":\"https:\\\/\\\/ben-hilft.eu\\\/der-verein\",\"url\":\"https:\\\/\\\/ben-hilft.eu\\\/der-verein\",\"name\":\"Der Verein - Startseite - \u00bb Ben hilft \u2026! e.V.\u00ab\",\"isPartOf\":{\"@id\":\"https:\\\/\\\/ben-hilft.eu\\\/#website\"},\"primaryImageOfPage\":{\"@id\":\"https:\\\/\\\/ben-hilft.eu\\\/der-verein#primaryimage\"},\"image\":{\"@id\":\"https:\\\/\\\/ben-hilft.eu\\\/der-verein#primaryimage\"},\"thumbnailUrl\":\"https:\\\/\\\/ben-hilft.eu\\\/wp-content\\\/uploads\\\/2022\\\/07\\\/Ben_hilft_512.png\",\"datePublished\":\"2022-07-20T17:19:29+00:00\",\"dateModified\":\"2022-09-05T19:36:55+00:00\",\"breadcrumb\":{\"@id\":\"https:\\\/\\\/ben-hilft.eu\\\/der-verein#breadcrumb\"},\"inLanguage\":\"en-GB\",\"potentialAction\":[{\"@type\":\"ReadAction\",\"target\":[\"https:\\\/\\\/ben-hilft.eu\\\/der-verein\"]}]},{\"@type\":\"ImageObject\",\"inLanguage\":\"en-GB\",\"@id\":\"https:\\\/\\\/ben-hilft.eu\\\/der-verein#primaryimage\",\"url\":\"https:\\\/\\\/ben-hilft.eu\\\/wp-content\\\/uploads\\\/2022\\\/07\\\/Ben_hilft_512.png\",\"contentUrl\":\"https:\\\/\\\/ben-hilft.eu\\\/wp-content\\\/uploads\\\/2022\\\/07\\\/Ben_hilft_512.png\"},{\"@type\":\"BreadcrumbList\",\"@id\":\"https:\\\/\\\/ben-hilft.eu\\\/der-verein#breadcrumb\",\"itemListElement\":[{\"@type\":\"ListItem\",\"position\":1,\"name\":\"Startseite\",\"item\":\"http:\\\/\\\/ben-hilft.eu\\\/en\\\/\"},{\"@type\":\"ListItem\",\"position\":2,\"name\":\"Der Verein\"}]},{\"@type\":\"WebSite\",\"@id\":\"https:\\\/\\\/ben-hilft.eu\\\/#website\",\"url\":\"https:\\\/\\\/ben-hilft.eu\\\/\",\"name\":\"Startseite - \u00bb Ben hilft \u2026! e.V.\u00ab\",\"description\":\"Denn: Nur helfen hilft!\",\"publisher\":{\"@id\":\"https:\\\/\\\/ben-hilft.eu\\\/#organization\"},\"potentialAction\":[{\"@type\":\"SearchAction\",\"target\":{\"@type\":\"EntryPoint\",\"urlTemplate\":\"https:\\\/\\\/ben-hilft.eu\\\/?s={search_term_string}\"},\"query-input\":{\"@type\":\"PropertyValueSpecification\",\"valueRequired\":true,\"valueName\":\"search_term_string\"}}],\"inLanguage\":\"en-GB\"},{\"@type\":\"Organization\",\"@id\":\"https:\\\/\\\/ben-hilft.eu\\\/#organization\",\"name\":\"Ben hilft \u2026!\",\"url\":\"https:\\\/\\\/ben-hilft.eu\\\/\",\"logo\":{\"@type\":\"ImageObject\",\"inLanguage\":\"en-GB\",\"@id\":\"https:\\\/\\\/ben-hilft.eu\\\/#\\\/schema\\\/logo\\\/image\\\/\",\"url\":\"https:\\\/\\\/ben-hilft.eu\\\/wp-content\\\/uploads\\\/2022\\\/06\\\/Ben_hilft_logo-1024x302.png\",\"contentUrl\":\"https:\\\/\\\/ben-hilft.eu\\\/wp-content\\\/uploads\\\/2022\\\/06\\\/Ben_hilft_logo-1024x302.png\",\"width\":1024,\"height\":302,\"caption\":\"Ben hilft \u2026!\"},\"image\":{\"@id\":\"https:\\\/\\\/ben-hilft.eu\\\/#\\\/schema\\\/logo\\\/image\\\/\"},\"sameAs\":[\"https:\\\/\\\/www.facebook.com\\\/groups\\\/1984915878386164\\\/\",\"https:\\\/\\\/x.com\\\/ben_hilft\"]}]}<\/script>\n<!-- \/ Yoast SEO plugin. -->","yoast_head_json":{"title":"Der Verein - Startseite - \u00bb Ben hilft \u2026! e.V.\u00ab","robots":{"index":"index","follow":"follow","max-snippet":"max-snippet:-1","max-image-preview":"max-image-preview:large","max-video-preview":"max-video-preview:-1"},"canonical":"https:\/\/ben-hilft.eu\/en\/der-verein\/","og_locale":"en_GB","og_type":"article","og_title":"Der Verein - Startseite - \u00bb Ben hilft \u2026! e.V.\u00ab","og_description":"Es ist vollbracht, seit dem 30.08.2022 darf Ben hilft \u2026! um das K\u00fcrzel \u2018e.V.\u2018 erg\u00e4nzt werden. Der Verein ist offiziell eingetragen. Als n\u00e4chstes steht nich die Best\u00e4tigung der Gemeinn\u00fctzigkeit durch das Finanzamt an. bleibt gespannt, wir halten euch auf dem Laufenden. Unsere Entstehung Mit dem Angriff Putins auf die Ukraine [&hellip;]","og_url":"https:\/\/ben-hilft.eu\/en\/der-verein\/","og_site_name":"Startseite - \u00bb Ben hilft \u2026! e.V.\u00ab","article_publisher":"https:\/\/www.facebook.com\/groups\/1984915878386164\/","article_modified_time":"2022-09-05T19:36:55+00:00","og_image":[{"url":"https:\/\/ben-hilft.eu\/wp-content\/uploads\/2022\/07\/Ben_hilft_512.png","type":"","width":"","height":""}],"twitter_card":"summary_large_image","twitter_site":"@ben_hilft","twitter_misc":{"Estimated reading time":"5 minutes"},"schema":{"@context":"https:\/\/schema.org","@graph":[{"@type":"WebPage","@id":"https:\/\/ben-hilft.eu\/der-verein","url":"https:\/\/ben-hilft.eu\/der-verein","name":"Der Verein - Startseite - \u00bb Ben hilft \u2026! e.V.\u00ab","isPartOf":{"@id":"https:\/\/ben-hilft.eu\/#website"},"primaryImageOfPage":{"@id":"https:\/\/ben-hilft.eu\/der-verein#primaryimage"},"image":{"@id":"https:\/\/ben-hilft.eu\/der-verein#primaryimage"},"thumbnailUrl":"https:\/\/ben-hilft.eu\/wp-content\/uploads\/2022\/07\/Ben_hilft_512.png","datePublished":"2022-07-20T17:19:29+00:00","dateModified":"2022-09-05T19:36:55+00:00","breadcrumb":{"@id":"https:\/\/ben-hilft.eu\/der-verein#breadcrumb"},"inLanguage":"en-GB","potentialAction":[{"@type":"ReadAction","target":["https:\/\/ben-hilft.eu\/der-verein"]}]},{"@type":"ImageObject","inLanguage":"en-GB","@id":"https:\/\/ben-hilft.eu\/der-verein#primaryimage","url":"https:\/\/ben-hilft.eu\/wp-content\/uploads\/2022\/07\/Ben_hilft_512.png","contentUrl":"https:\/\/ben-hilft.eu\/wp-content\/uploads\/2022\/07\/Ben_hilft_512.png"},{"@type":"BreadcrumbList","@id":"https:\/\/ben-hilft.eu\/der-verein#breadcrumb","itemListElement":[{"@type":"ListItem","position":1,"name":"Startseite","item":"http:\/\/ben-hilft.eu\/en\/"},{"@type":"ListItem","position":2,"name":"Der Verein"}]},{"@type":"WebSite","@id":"https:\/\/ben-hilft.eu\/#website","url":"https:\/\/ben-hilft.eu\/","name":"Homepage - \" Ben hilft ...! e.V.\"","description":"Because: Only helping helps!","publisher":{"@id":"https:\/\/ben-hilft.eu\/#organization"},"potentialAction":[{"@type":"SearchAction","target":{"@type":"EntryPoint","urlTemplate":"https:\/\/ben-hilft.eu\/?s={search_term_string}"},"query-input":{"@type":"PropertyValueSpecification","valueRequired":true,"valueName":"search_term_string"}}],"inLanguage":"en-GB"},{"@type":"Organization","@id":"https:\/\/ben-hilft.eu\/#organization","name":"Ben hilft \u2026!","url":"https:\/\/ben-hilft.eu\/","logo":{"@type":"ImageObject","inLanguage":"en-GB","@id":"https:\/\/ben-hilft.eu\/#\/schema\/logo\/image\/","url":"https:\/\/ben-hilft.eu\/wp-content\/uploads\/2022\/06\/Ben_hilft_logo-1024x302.png","contentUrl":"https:\/\/ben-hilft.eu\/wp-content\/uploads\/2022\/06\/Ben_hilft_logo-1024x302.png","width":1024,"height":302,"caption":"Ben hilft \u2026!"},"image":{"@id":"https:\/\/ben-hilft.eu\/#\/schema\/logo\/image\/"},"sameAs":["https:\/\/www.facebook.com\/groups\/1984915878386164\/","https:\/\/x.com\/ben_hilft"]}]}},"_links":{"self":[{"href":"https:\/\/ben-hilft.eu\/en\/wp-json\/wp\/v2\/pages\/582","targetHints":{"allow":["GET"]}}],"collection":[{"href":"https:\/\/ben-hilft.eu\/en\/wp-json\/wp\/v2\/pages"}],"about":[{"href":"https:\/\/ben-hilft.eu\/en\/wp-json\/wp\/v2\/types\/page"}],"author":[{"embeddable":true,"href":"https:\/\/ben-hilft.eu\/en\/wp-json\/wp\/v2\/users\/2"}],"replies":[{"embeddable":true,"href":"https:\/\/ben-hilft.eu\/en\/wp-json\/wp\/v2\/comments?post=582"}],"version-history":[{"count":5,"href":"https:\/\/ben-hilft.eu\/en\/wp-json\/wp\/v2\/pages\/582\/revisions"}],"predecessor-version":[{"id":699,"href":"https:\/\/ben-hilft.eu\/en\/wp-json\/wp\/v2\/pages\/582\/revisions\/699"}],"wp:attachment":[{"href":"https:\/\/ben-hilft.eu\/en\/wp-json\/wp\/v2\/media?parent=582"}],"curies":[{"name":"wp","href":"https:\/\/api.w.org\/{rel}","templated":true}]}}